{"id":1398,"date":"2024-02-16T21:24:23","date_gmt":"2024-02-16T21:24:23","guid":{"rendered":"https:\/\/lawngreen-fish-169892.hostingersite.com\/?page_id=1398"},"modified":"2024-02-16T21:50:25","modified_gmt":"2024-02-16T21:50:25","slug":"investigacion","status":"publish","type":"page","link":"https:\/\/ligautismo.org\/en\/investigacion\/","title":{"rendered":"Research"},"content":{"rendered":"<h1>Proyecto Universidad Libre de Colombia<\/h1>\n<h3>\n\t\t<strong>Project:<\/strong>  Access barriers that affect the human dignity of people with ASD and their families.\n\t<\/h3>\n\t<p><img decoding=\"async\" src=\"https:\/\/eruditus.sfo2.digitaloceanspaces.com\/Ligautismo\/Universidad-Libre-300x225.jpg\" alt=\"\" width=\"365\" height=\"274\" \/><\/p>\n<p>Fundamentados en los compromisos adquiridos por Colombia, como pa\u00eds parte que aprob\u00f3 la Convenci\u00f3n Sobre los Derechos de las Personas con Discapacidad CDPCD, mediante la ley 1346 del 13 de diciembre de 2006, y seg\u00fan lo contemplado en el art\u00edculo 8\u00b0, de este tratado internacional,\u00a0 LICA, y\u00a0 la Facultad de Derecho de la Universidad Libre de Colombia de la ciudad en Bogot\u00e1, adelantan el proyecto &#8220;Barreras de acceso que afectan la dignidad humana de las personas con TEA y sus familias&#8221;.<\/p>\n<p>During the year 2020, we made progress in carrying out focus groups with people with autism and with families from 10 cities in Colombia (Barranquilla, Bogot\u00e1, Cartagena, Cali, C\u00facuta, Duitama, Medell\u00edn, Pereira, Bucaramanga and Villavicencio).<\/p>\n<p>&nbsp;<\/p>\n\t<h1>Profamilia project<\/h1>\n<h3>\n\t\t<strong>Project:<\/strong> Promote the quality of life and the sexual and reproductive rights of people with disabilities in Colombia.\n\t<\/h3>\n\t<p><img decoding=\"async\" src=\"https:\/\/eruditus.sfo2.digitaloceanspaces.com\/Ligautismo\/Proyecto-profamilia-300x225.jpg\" alt=\"\" width=\"367\" height=\"275\" \/><\/p>\n<p>Since 2015, we have been in this project led by PROFAMILIA and partner organizations such as PAIIS \u2013 Action Program for Equality and Social Inclusion and ASDOWN \u2013 Colombian Down Syndrome Association. We are currently working on the third stage, which will be extended to the cities of Barranquilla, Bogot\u00e1, Bucaramanga and Manizales, where we have the support of family organizations.\u00a0\u00a0<\/p>\nEn el marco del proyecto hemos desarrollado diferentes instrumentos como: curso virtual, cartilla de apoyos para ser usada en la ruta de atenci\u00f3n que tiene Profamilia y la investigaci\u00f3n &#8220;Prevenci\u00f3n y abordaje de la violencia sexual en personas con discapacidad desde un enfoque de determinantes sociales&#8221;. Disponible aqu\u00ed: <a href=\"https:\/\/bit.ly\/2VcTMPR\">https:\/\/bit.ly\/2VcTMPR<\/a><br \/>\nDuring the time of the project, people with intellectual and psychosocial disabilities in the cities of Bogot\u00e1, Barranquilla, Cali, Bucaramanga and Manizales have been positively impacted.\n<p>&nbsp;<\/p>\n<p>&nbsp;<\/p>\n\t<h1>Genetics Project<\/h1>\n\t<p><img decoding=\"async\" src=\"https:\/\/sfo2.digitaloceanspaces.com\/eruditus\/Ligautismo\/ADOS-225x300.jpg\" alt=\"\" width=\"225\" height=\"300\" \/><\/p>\n<p><img decoding=\"async\" src=\"https:\/\/sfo2.digitaloceanspaces.com\/eruditus\/Ligautismo\/ADI-R-300x205.jpg\" alt=\"\" width=\"300\" height=\"205\" \/><\/p>\n<h3>\n\t\tPROJECT: Genetic Heterogeneity of Autism\n\t<\/h3>\n\t<p>El Centro de Investigaciones Gen\u00e9ticas en Enfermedades Humanas (CIGEN) de la Universidad de los Andes, desde el a\u00f1o 2011, est\u00e1 llevando a cabo el proyecto &#8220;Heterogeneidad Gen\u00e9tica del Autismo&#8221;, en colaboraci\u00f3n con La Liga Colombiana de Autismo, La Cl\u00ednica Monserrat y la Fundaci\u00f3n Santaf\u00e9. El prop\u00f3sito de este proyecto es\u00a0acercarnos a la comprensi\u00f3n de posibles factores relacionados con el trastorno del espectro autista (TEA), y en este caso queremos evaluar factores gen\u00e9ticos.<\/p>\n<p>LICA&#039;s role in the project is the application of the ADIR and ADOS tests, which is carried out by certified professionals for this purpose. These instruments are considered key in the clinical and research evaluation of ASD.<\/p>\n<p>The ADI-R (Autism Diagnostic Interview-Revised): is a structured interview that is applied to parents, which covers topics from the history of the complete development of the child or young person, and the ADOS (Autism Diagnostic Observation Schedule): it deals with of a semi-structured assessment in which the child or young person develops various activities or tasks that allow observing the social behavior and communication of the child or young person.<\/p>\n<p>&nbsp;<\/p>\n\t<h1>PROJECT: Humanity &amp; Inclusion<br \/>\n<\/h1>\n<h3>\n\t\tPROJECT: Humanity &amp; Inclusion\n\t<\/h3>\n\t<p>Technical Assistance to the Colombian Coalition for the Implementation of the United Nations Convention on the Rights of Persons with Disabilities (CRPD) in its promotion work, preparation of the Alternative Report and recommendation in the context of the pandemic.<\/p>\n<p>With this project, the entities involved, in particular the Colombian Coalition for the Implementation of the United Nations Convention, recognize the condition that the context of the COVID-19 pandemic has generated for people with disabilities, and with a view to carrying out monitoring and follow-up on compliance with the provisions of the Convention on the Rights of Persons with Disabilities2, and consider it essential to have technical assistance for the preparation of the Second Alternative Report. Under this premise, the LICA - Colombian Autism League and the Observatory on the Convention of the Master&#039;s Degree in Disability and Social Inclusion - MADIS of the National University of Colombia, decided to work together to lead this project during the months of October 2021 to January 2022. These organizations were assigned the execution of this project, among other aspects, taking into account that they have been active members with experience in the construction of the first alternative report of 2016.<\/p>\n\t\t\t\t<img decoding=\"async\" src=\"https:\/\/eruditus.sfo2.digitaloceanspaces.com\/Ligautismo\/proyecto.png\" alt=\"proyecto\" itemprop=\"image\" height=\"607\" width=\"1246\" title=\"project\" onerror=\"this.style.display='none'\"  \/>\n\t<h2>Contact us\u00a0<\/h2>\n\t<p>Thank you for contacting us, please note that the fields marked with ( * ) are required. Soon one of our representatives will contact you via phone or email.<\/p>\n\t<div class=\"wpforms-container wpforms-container-full\" id=\"wpforms-265\"><form id=\"wpforms-form-265\" class=\"wpforms-validate wpforms-form\" data-formid=\"265\" method=\"post\" enctype=\"multipart\/form-data\" action=\"\/en\/wp-json\/wp\/v2\/pages\/1398\" data-token=\"016ef376863d2e72ec1773dff12fd22d\" data-trp-original-action=\"\/en\/wp-json\/wp\/v2\/pages\/1398\"><noscript class=\"wpforms-error-noscript\">Please enable JavaScript in your browser to complete this form.<\/noscript><div class=\"wpforms-field-container\"><div id=\"wpforms-265-field_0-container\" class=\"wpforms-field wpforms-field-name\" data-field-id=\"0\"><label class=\"wpforms-field-label wpforms-label-hide\" for=\"wpforms-265-field_0\">Name and surname <span class=\"wpforms-required-label\">*<\/span><\/label><div class=\"wpforms-field-row wpforms-field-large\"><div class=\"wpforms-field-row-block wpforms-first wpforms-one-half\"><input type=\"text\" id=\"wpforms-265-field_0\" class=\"wpforms-field-name-first wpforms-field-required\" name=\"wpforms[fields][0][first]\" placeholder=\"Names\" required><label for=\"wpforms-265-field_0\" class=\"wpforms-field-sublabel after wpforms-sublabel-hide\">First<\/label><\/div><div class=\"wpforms-field-row-block wpforms-one-half\"><input type=\"text\" id=\"wpforms-265-field_0-last\" class=\"wpforms-field-name-last wpforms-field-required\" name=\"wpforms[fields][0][last]\" placeholder=\"Surnames\" required><label for=\"wpforms-265-field_0-last\" class=\"wpforms-field-sublabel after wpforms-sublabel-hide\">Last<\/label><\/div><\/div><\/div><div id=\"wpforms-265-field_1-container\" class=\"wpforms-field wpforms-field-email\" data-field-id=\"1\"><label class=\"wpforms-field-label wpforms-label-hide\" for=\"wpforms-265-field_1\">E-mail <span class=\"wpforms-required-label\">*<\/span><\/label><input type=\"email\" id=\"wpforms-265-field_1\" class=\"wpforms-field-large wpforms-field-required\" name=\"wpforms[fields][1]\" placeholder=\"E-mail\" required><\/div><div id=\"wpforms-265-field_2-container\" class=\"wpforms-field wpforms-field-textarea\" data-field-id=\"2\"><label class=\"wpforms-field-label wpforms-label-hide\" for=\"wpforms-265-field_2\">Comments <span class=\"wpforms-required-label\">*<\/span><\/label><textarea id=\"wpforms-265-field_2\" class=\"wpforms-field-medium wpforms-field-required\" name=\"wpforms[fields][2]\" placeholder=\"Message\" required><\/textarea><\/div><\/div><div class=\"wpforms-field wpforms-field-hp\"><label for=\"wpforms-265-field-hp\" class=\"wpforms-field-label\">website<\/label><input type=\"text\" name=\"wpforms[hp]\" id=\"wpforms-265-field-hp\" class=\"wpforms-field-medium\"><\/div><div class=\"wpforms-submit-container\" ><input type=\"hidden\" name=\"wpforms[id]\" value=\"265\"><input type=\"hidden\" name=\"wpforms[author]\" value=\"1\">\t\t<div id=\"cf-turnstile-wpf-2899005364\"\r\n\t\tclass=\"cf-turnstile\" \t\tdata-sitekey=\"0x4AAAAAAACOI9gtQA4e9Ylz\"\r\n\t\tdata-theme=\"light\"\r\n\t\tdata-language=\"auto\"\r\n\t\tdata-size=\"\"\r\n\t\tdata-retry=\"auto\" data-retry-interval=\"1000\"\r\n\t\tdata-action=\"wpforms-265\"\r\n\t\t\t\tdata-appearance=\"always\"><\/div>\r\n\t\t\t<script>document.addEventListener(\"DOMContentLoaded\", function() { setTimeout(function(){ var e=document.getElementById(\"cf-turnstile-wpf-2899005364\"); e&&!e.innerHTML.trim()&&(turnstile.remove(\"#cf-turnstile-wpf-2899005364\"), turnstile.render(\"#cf-turnstile-wpf-2899005364\", {sitekey:\"0x4AAAAAAACOI9gtQA4e9Ylz\"})); }, 0); });<\/script>\r\n\t\t\t<br class=\"cf-turnstile-br cf-turnstile-br-wpf-2899005364\">\r\n\t\t\t\t<style>#cf-turnstile-wpf-2899005364 { margin-left: -15px; }<\/style>\r\n\t\t<button type=\"submit\" name=\"wpforms[submit]\" class=\"wpforms-submit\" id=\"wpforms-submit-265\" value=\"wpforms-submit\" aria-live=\"assertive\" data-alt-text=\"Sending...\" data-submit-text=\"Enviar informaci\u00f3n\">Send information<\/button><\/div><input type=\"hidden\" name=\"trp-form-language\" value=\"en\"\/><\/form><\/div>  <!-- .wpforms-container -->","protected":false},"excerpt":{"rendered":"<p>Proyecto Universidad Libre de Colombia Proyecto: Barreras de acceso que afectan la dignidad humana de las personas con TEA y sus familias. Fundamentados en los compromisos adquiridos por Colombia, como pa\u00eds parte que aprob\u00f3 la Convenci\u00f3n Sobre los Derechos de las Personas con Discapacidad CDPCD, mediante la ley 1346 del 13 de diciembre de 2006,&hellip;<\/p>","protected":false},"author":1,"featured_media":206,"parent":0,"menu_order":0,"comment_status":"closed","ping_status":"closed","template":"","meta":{"_seopress_robots_primary_cat":"","_seopress_titles_title":"","_seopress_titles_desc":"","_seopress_robots_index":"","footnotes":""},"class_list":["post-1398","page","type-page","status-publish","has-post-thumbnail","hentry"],"acf":[],"_links":{"self":[{"href":"https:\/\/ligautismo.org\/en\/wp-json\/wp\/v2\/pages\/1398","targetHints":{"allow":["GET"]}}],"collection":[{"href":"https:\/\/ligautismo.org\/en\/wp-json\/wp\/v2\/pages"}],"about":[{"href":"https:\/\/ligautismo.org\/en\/wp-json\/wp\/v2\/types\/page"}],"author":[{"embeddable":true,"href":"https:\/\/ligautismo.org\/en\/wp-json\/wp\/v2\/users\/1"}],"replies":[{"embeddable":true,"href":"https:\/\/ligautismo.org\/en\/wp-json\/wp\/v2\/comments?post=1398"}],"version-history":[{"count":0,"href":"https:\/\/ligautismo.org\/en\/wp-json\/wp\/v2\/pages\/1398\/revisions"}],"wp:featuredmedia":[{"embeddable":true,"href":"https:\/\/ligautismo.org\/en\/wp-json\/wp\/v2\/media\/206"}],"wp:attachment":[{"href":"https:\/\/ligautismo.org\/en\/wp-json\/wp\/v2\/media?parent=1398"}],"curies":[{"name":"wp","href":"https:\/\/api.w.org\/{rel}","templated":true}]}}