{"id":2,"date":"2020-02-19T14:31:23","date_gmt":"2020-02-19T14:31:23","guid":{"rendered":"http:\/?page_id=2"},"modified":"2026-04-02T21:38:45","modified_gmt":"2026-04-02T21:38:45","slug":"sample-page","status":"publish","type":"page","link":"https:\/\/ligautismo.org\/en\/","title":{"rendered":"home"},"content":{"rendered":"<figure itemscope itemtype=\"https:\/\/schema.org\/ImageObject\">\n\t\t\t\t<a href=\"https:\/\/2deabril.ligautismo.org\/\"  target=\"_self\" itemprop=\"url\">\n\t\t\t\t<img decoding=\"async\" src=\"https:\/\/eruditus.sfo2.digitaloceanspaces.com\/Ligautismo\/PHOTO-2026-04-02-11-46-00.jpg\" alt=\"photo 2026 04 02 11 46 00\" height=\"757\" width=\"1600\" title=\"photo 2026 04 02 11 46 00\" onerror=\"this.style.display='none'\" loading=\"lazy\" \/>\n\t\t\t\t<\/a>\n\t<\/figure>\n\t<h2>What is autism<br \/>\n<\/h2>\n<h3>\n\t\t<a href=\"#\" title=\"Seg\u00fan la Organizaci\u00f3n Mundial de la Salud (OMS), 1 cada 100 ni\u00f1os tiene autismo. En Colombia no tenemos estad\u00edsticas.\"  target=\"_self\"  rel=\"nofollow\">\n\t\t\tSeg\u00fan la Organizaci\u00f3n Mundial de la Salud (OMS),<br \/> 1 cada 100 ni\u00f1os tiene autismo. En Colombia no tenemos estad\u00edsticas.\t\t<\/a>\n\t<\/h3>\n\t\t<meta itemprop=\"name\" content=\"Que es el autismo\" \/><meta itemprop=\"uploadDate\" content=\"2024-05-31T00:00:00+00:00\" \/><meta itemprop=\"thumbnailUrl\" content=\"https:\/\/eruditus.sfo2.digitaloceanspaces.com\/Ligautismo\/Captura-de-pantalla-2020-04-20-a-las-10.23.50-p.-m..png\" \/><meta itemprop=\"description\" content=\"Que es el autismo\" \/><meta itemprop=\"contentUrl\" content=\"https:\/\/lawngreen-fish-169892.hostingersite.com\" \/><meta itemprop=\"embedUrl\" content=\"https:\/\/lawngreen-fish-169892.hostingersite.com\" \/><meta itemprop=\"url\" content=\"https:\/\/eruditus.sfo2.digitaloceanspaces.com\/Ligautismo\/Diagnosticooportuno.mp4\" \/><meta itemprop=\"thumbnail\" content=\"https:\/\/eruditus.sfo2.digitaloceanspaces.com\/Ligautismo\/Captura-de-pantalla-2020-04-20-a-las-10.23.50-p.-m..png\" \/><div style=\"width: 640px;\" class=\"wp-video\"><video class=\"wp-video-shortcode\" id=\"video-2-1\" width=\"640\" height=\"360\" poster=\"https:\/\/eruditus.sfo2.digitaloceanspaces.com\/Ligautismo\/Captura-de-pantalla-2020-04-20-a-las-10.23.50-p.-m..png\" preload=\"none\" controls=\"controls\"><source type=\"video\/mp4\" src=\"https:\/\/eruditus.sfo2.digitaloceanspaces.com\/Ligautismo\/Diagnosticooportuno.mp4?_=1\" \/><source type=\"video\/mp4\" src=\"https:\/\/eruditus.sfo2.digitaloceanspaces.com\/Ligautismo\/Diagnosticooportuno.mp4?_=1\" \/><a href=\"https:\/\/eruditus.sfo2.digitaloceanspaces.com\/Ligautismo\/Diagnosticooportuno.mp4\">https:\/\/eruditus.sfo2.digitaloceanspaces.com\/Ligautismo\/Diagnosticooportuno.mp4<\/a><\/video><\/div>\t\n\t<p>The ASD autism spectrum disorder, is a neurodevelopmental disorder that is present in childhood and accompanies the person throughout life, as its name indicates, being a spectrum, it is varied and broad, so it cannot be generalized, Since we are not going to find two identical people, and with the same characteristics, each one from their particularity will have a way of being, communicating, thinking and acting, where the information process can occur in a different way.<\/p>\n\t\t\t<a href=\"https:\/\/ligautismo.org\/en\/que-es-el-tea\/\"  target=\"_self\">\n\t\t\t\t\t\t\tVer m\u00e1s informaci\u00f3n\n\t\t\t\t\t<\/a>\n\t<h2>Informing and Transforming<\/h2>\n<figure itemscope itemtype=\"https:\/\/schema.org\/ImageObject\">\n\t\t\t\t<img decoding=\"async\" src=\"https:\/\/eruditus.sfo2.digitaloceanspaces.com\/Ligautismo\/image9-1.jpeg\" alt=\"Blog de experiencias en nuestra web.\" height=\"706\" width=\"706\" title=\"Compartiendo experiencias\" onerror=\"this.style.display='none'\" loading=\"lazy\" \/>\n\t<\/figure>\n\t<p><strong>Sharing Experiences <\/strong>Our blog is dedicated to people with autism and their families, where they can tell us about moments in their lives that undoubtedly enrich us as an autism community. <a href=\"https:\/\/blog.ligautismo.org\/\"><u>Enter the blog...<\/u><\/a><\/p>\n<figure itemscope itemtype=\"https:\/\/schema.org\/ImageObject\">\n\t\t\t\t<img decoding=\"async\" src=\"https:\/\/eruditus.sfo2.digitaloceanspaces.com\/Ligautismo\/PHOTO-2024-04-01-08-43-53-2.jpg\" alt=\"photo 2024 04 01 08 43 53 2\" height=\"1080\" width=\"1080\" title=\"photo 2024 04 01 08 43 53 2\" onerror=\"this.style.display='none'\" loading=\"lazy\" \/>\n\t<\/figure>\n\t<p><strong>World Autism Awareness Day.<\/strong> Find out about our actions during the month of April. Link up and help transform practices and imaginaries around the autism spectrum. <a href=\"https:\/\/2deabril.ligautismo.org\"><u>More information\u2026<\/u><\/a><\/p>\n<figure itemscope itemtype=\"https:\/\/schema.org\/ImageObject\">\n\t\t\t\t<img decoding=\"async\" src=\"https:\/\/eruditus.sfo2.digitaloceanspaces.com\/Ligautismo\/image7.jpeg\" alt=\"Actual\u00edzate con Liga Autismo: Informando y transformando.\" height=\"733\" width=\"733\" title=\"Update\" onerror=\"this.style.display='none'\" loading=\"lazy\" \/>\n\t<\/figure>\n\t<p><strong>Update<\/strong> is our virtual bulletin that circulates four times a year. Through this medium, we provide the community with information about the activities we carry out, among other topics of interest.\u00a0<a href=\"https:\/\/lawngreen-fish-169892.hostingersite.com\/boletin-ligautismo\/\">Check out the newsletters here...<\/a><\/p>\n\t<h3>Subscribe to our newsletter @Lica<\/h3>\n<figure itemscope itemtype=\"https:\/\/schema.org\/ImageObject\">\n\t\t\t\t<img decoding=\"async\" src=\"https:\/\/eruditus.sfo2.digitaloceanspaces.com\/Ligautismo\/BiblioLICA.png\" alt=\"Logotipo de BiblioLICA: libro abierto azul.\" height=\"1600\" width=\"1600\" title=\"BiblioLICA\" onerror=\"this.style.display='none'\" loading=\"lazy\" \/>\n\t<\/figure>\n\t<p>BiblioLICA, was born due to ignorance and misinformation about ASD. BiblioLICA will be an information center that promotes access and appropriation of information, through physical and virtual materials such as books, primers, research, manuals, guides for families, jurisprudence, stories, etc.<\/p>\n\t<h2><strong>Contact us\u00a0<\/strong><\/h2>\n\t<p>Thank you for contacting us, please note that the fields marked with ( * ) are required. Soon one of our representatives will contact you via phone or email.<\/p>\n\t<div class=\"wpforms-container wpforms-container-full\" id=\"wpforms-265\"><form id=\"wpforms-form-265\" class=\"wpforms-validate wpforms-form\" data-formid=\"265\" method=\"post\" enctype=\"multipart\/form-data\" action=\"\/en\/wp-json\/wp\/v2\/pages\/2\" data-token=\"d22749c0086bad8733340181c53b7155\" data-trp-original-action=\"\/en\/wp-json\/wp\/v2\/pages\/2\"><noscript class=\"wpforms-error-noscript\">Please enable JavaScript in your browser to complete this form.<\/noscript><div class=\"wpforms-field-container\"><div id=\"wpforms-265-field_0-container\" class=\"wpforms-field wpforms-field-name\" data-field-id=\"0\"><label class=\"wpforms-field-label wpforms-label-hide\" for=\"wpforms-265-field_0\">Name and surname <span class=\"wpforms-required-label\">*<\/span><\/label><div class=\"wpforms-field-row wpforms-field-large\"><div class=\"wpforms-field-row-block wpforms-first wpforms-one-half\"><input type=\"text\" id=\"wpforms-265-field_0\" class=\"wpforms-field-name-first wpforms-field-required\" name=\"wpforms[fields][0][first]\" placeholder=\"Names\" required><label for=\"wpforms-265-field_0\" class=\"wpforms-field-sublabel after wpforms-sublabel-hide\">First<\/label><\/div><div class=\"wpforms-field-row-block wpforms-one-half\"><input type=\"text\" id=\"wpforms-265-field_0-last\" class=\"wpforms-field-name-last wpforms-field-required\" name=\"wpforms[fields][0][last]\" placeholder=\"Surnames\" required><label for=\"wpforms-265-field_0-last\" class=\"wpforms-field-sublabel after wpforms-sublabel-hide\">Last<\/label><\/div><\/div><\/div><div id=\"wpforms-265-field_1-container\" class=\"wpforms-field wpforms-field-email\" data-field-id=\"1\"><label class=\"wpforms-field-label wpforms-label-hide\" for=\"wpforms-265-field_1\">E-mail <span class=\"wpforms-required-label\">*<\/span><\/label><input type=\"email\" id=\"wpforms-265-field_1\" class=\"wpforms-field-large wpforms-field-required\" name=\"wpforms[fields][1]\" placeholder=\"E-mail\" required><\/div><div id=\"wpforms-265-field_2-container\" class=\"wpforms-field wpforms-field-textarea\" data-field-id=\"2\"><label class=\"wpforms-field-label wpforms-label-hide\" for=\"wpforms-265-field_2\">Comments <span class=\"wpforms-required-label\">*<\/span><\/label><textarea id=\"wpforms-265-field_2\" class=\"wpforms-field-medium wpforms-field-required\" name=\"wpforms[fields][2]\" placeholder=\"Message\" required><\/textarea><\/div><\/div><div class=\"wpforms-field wpforms-field-hp\"><label for=\"wpforms-265-field-hp\" class=\"wpforms-field-label\">E-mail<\/label><input type=\"text\" name=\"wpforms[hp]\" id=\"wpforms-265-field-hp\" class=\"wpforms-field-medium\"><\/div><div class=\"wpforms-submit-container\" ><input type=\"hidden\" name=\"wpforms[id]\" value=\"265\"><input type=\"hidden\" name=\"wpforms[author]\" value=\"1\">\t\t<div id=\"cf-turnstile-wpf-4168465867\"\r\n\t\tclass=\"cf-turnstile\" \t\tdata-sitekey=\"0x4AAAAAAACOI9gtQA4e9Ylz\"\r\n\t\tdata-theme=\"light\"\r\n\t\tdata-language=\"auto\"\r\n\t\tdata-size=\"\"\r\n\t\tdata-retry=\"auto\" data-retry-interval=\"1000\"\r\n\t\tdata-action=\"wpforms-265\"\r\n\t\t\t\tdata-appearance=\"always\"><\/div>\r\n\t\t\t<script>document.addEventListener(\"DOMContentLoaded\", function() { setTimeout(function(){ var e=document.getElementById(\"cf-turnstile-wpf-4168465867\"); e&&!e.innerHTML.trim()&&(turnstile.remove(\"#cf-turnstile-wpf-4168465867\"), turnstile.render(\"#cf-turnstile-wpf-4168465867\", {sitekey:\"0x4AAAAAAACOI9gtQA4e9Ylz\"})); }, 0); });<\/script>\r\n\t\t\t<br class=\"cf-turnstile-br cf-turnstile-br-wpf-4168465867\">\r\n\t\t\t\t<style>#cf-turnstile-wpf-4168465867 { margin-left: -15px; }<\/style>\r\n\t\t<button type=\"submit\" name=\"wpforms[submit]\" class=\"wpforms-submit\" id=\"wpforms-submit-265\" value=\"wpforms-submit\" aria-live=\"assertive\" data-alt-text=\"Sending...\" data-submit-text=\"Enviar informaci\u00f3n\">Send information<\/button><\/div><input type=\"hidden\" name=\"trp-form-language\" value=\"en\"\/><\/form><\/div>  <!-- .wpforms-container -->","protected":false},"excerpt":{"rendered":"<p>Que es el autismo Seg\u00fan la Organizaci\u00f3n Mundial de la Salud (OMS), 1 cada 100 ni\u00f1os tiene autismo. En Colombia no tenemos estad\u00edsticas. El trastorno del espectro autista TEA, es un trastorno del neurodesarrollo que se hace presente en la infancia y acompa\u00f1a a la persona durante curso de vida, como su nombre lo indica&hellip;<\/p>","protected":false},"author":1,"featured_media":174,"parent":0,"menu_order":0,"comment_status":"closed","ping_status":"open","template":"","meta":{"_seopress_robots_primary_cat":"","_seopress_titles_title":"","_seopress_titles_desc":"","_seopress_robots_index":"","footnotes":""},"class_list":["post-2","page","type-page","status-publish","has-post-thumbnail","hentry"],"acf":[],"_links":{"self":[{"href":"https:\/\/ligautismo.org\/en\/wp-json\/wp\/v2\/pages\/2","targetHints":{"allow":["GET"]}}],"collection":[{"href":"https:\/\/ligautismo.org\/en\/wp-json\/wp\/v2\/pages"}],"about":[{"href":"https:\/\/ligautismo.org\/en\/wp-json\/wp\/v2\/types\/page"}],"author":[{"embeddable":true,"href":"https:\/\/ligautismo.org\/en\/wp-json\/wp\/v2\/users\/1"}],"replies":[{"embeddable":true,"href":"https:\/\/ligautismo.org\/en\/wp-json\/wp\/v2\/comments?post=2"}],"version-history":[{"count":0,"href":"https:\/\/ligautismo.org\/en\/wp-json\/wp\/v2\/pages\/2\/revisions"}],"wp:featuredmedia":[{"embeddable":true,"href":"https:\/\/ligautismo.org\/en\/wp-json\/wp\/v2\/media\/174"}],"wp:attachment":[{"href":"https:\/\/ligautismo.org\/en\/wp-json\/wp\/v2\/media?parent=2"}],"curies":[{"name":"wp","href":"https:\/\/api.w.org\/{rel}","templated":true}]}}