{"id":344,"date":"2020-04-13T20:31:48","date_gmt":"2020-04-13T20:31:48","guid":{"rendered":"https:\/\/lawngreen-fish-169892.hostingersite.com\/?page_id=344"},"modified":"2024-02-16T21:39:04","modified_gmt":"2024-02-16T21:39:04","slug":"proyecto-genetica","status":"publish","type":"page","link":"https:\/\/ligautismo.org\/en\/proyecto-genetica\/","title":{"rendered":"Genetics Project"},"content":{"rendered":"<h1>Research<\/h1>\n\t<p><img decoding=\"async\" src=\"https:\/\/sfo2.digitaloceanspaces.com\/eruditus\/Ligautismo\/ADOS-225x300.jpg\" alt=\"\" width=\"225\" height=\"300\" \/><\/p>\n<p><img decoding=\"async\" src=\"https:\/\/sfo2.digitaloceanspaces.com\/eruditus\/Ligautismo\/ADI-R-300x205.jpg\" alt=\"\" width=\"300\" height=\"205\" \/><\/p>\n<h3>\n\t\tPROJECT: Genetic Heterogeneity of Autism\n\t<\/h3>\n\t<p>El Centro de Investigaciones Gen\u00e9ticas en Enfermedades Humanas (CIGEN) de la Universidad de los Andes, desde el a\u00f1o 2011, est\u00e1 llevando a cabo el proyecto &#8220;Heterogeneidad Gen\u00e9tica del Autismo&#8221;, en colaboraci\u00f3n con La Liga Colombiana de Autismo, La Cl\u00ednica Monserrat y la Fundaci\u00f3n Santaf\u00e9. El prop\u00f3sito de este proyecto es\u00a0acercarnos a la comprensi\u00f3n de posibles factores relacionados con el trastorno del espectro autista (TEA), y en este caso queremos evaluar factores gen\u00e9ticos.<\/p>\n<p>LICA&#039;s role in the project is the application of the ADIR and ADOS tests, which is carried out by certified professionals for this purpose. These instruments are considered key in the clinical and research evaluation of ASD.<\/p>\n<p>The ADI-R (Autism Diagnostic Interview-Revised): is a structured interview that is applied to parents, which covers topics from the history of the complete development of the child or young person, and the ADOS (Autism Diagnostic Observation Schedule): it deals with of a semi-structured assessment in which the child or young person develops various activities or tasks that allow observing the social behavior and communication of the child or young person.<\/p>\n<p>&nbsp;<\/p>\n\t<h2>Contact us\u00a0<\/h2>\n\t<p>Thank you for contacting us, please note that the fields marked with ( * ) are required. Soon one of our representatives will contact you via phone or email.<\/p>\n\t<div class=\"wpforms-container wpforms-container-full\" id=\"wpforms-265\"><form id=\"wpforms-form-265\" class=\"wpforms-validate wpforms-form\" data-formid=\"265\" method=\"post\" enctype=\"multipart\/form-data\" action=\"\/en\/wp-json\/wp\/v2\/pages\/344\" data-token=\"502dbfbcaca02e4d4f8e70df6ee8838f\" data-trp-original-action=\"\/en\/wp-json\/wp\/v2\/pages\/344\"><noscript class=\"wpforms-error-noscript\">Please enable JavaScript in your browser to complete this form.<\/noscript><div class=\"wpforms-field-container\"><div id=\"wpforms-265-field_0-container\" class=\"wpforms-field wpforms-field-name\" data-field-id=\"0\"><label class=\"wpforms-field-label wpforms-label-hide\" for=\"wpforms-265-field_0\">Name and surname <span class=\"wpforms-required-label\">*<\/span><\/label><div class=\"wpforms-field-row wpforms-field-large\"><div class=\"wpforms-field-row-block wpforms-first wpforms-one-half\"><input type=\"text\" id=\"wpforms-265-field_0\" class=\"wpforms-field-name-first wpforms-field-required\" name=\"wpforms[fields][0][first]\" placeholder=\"Names\" required><label for=\"wpforms-265-field_0\" class=\"wpforms-field-sublabel after wpforms-sublabel-hide\">First<\/label><\/div><div class=\"wpforms-field-row-block wpforms-one-half\"><input type=\"text\" id=\"wpforms-265-field_0-last\" class=\"wpforms-field-name-last wpforms-field-required\" name=\"wpforms[fields][0][last]\" placeholder=\"Surnames\" required><label for=\"wpforms-265-field_0-last\" class=\"wpforms-field-sublabel after wpforms-sublabel-hide\">Last<\/label><\/div><\/div><\/div><div id=\"wpforms-265-field_1-container\" class=\"wpforms-field wpforms-field-email\" data-field-id=\"1\"><label class=\"wpforms-field-label wpforms-label-hide\" for=\"wpforms-265-field_1\">E-mail <span class=\"wpforms-required-label\">*<\/span><\/label><input type=\"email\" id=\"wpforms-265-field_1\" class=\"wpforms-field-large wpforms-field-required\" name=\"wpforms[fields][1]\" placeholder=\"E-mail\" required><\/div><div id=\"wpforms-265-field_2-container\" class=\"wpforms-field wpforms-field-textarea\" data-field-id=\"2\"><label class=\"wpforms-field-label wpforms-label-hide\" for=\"wpforms-265-field_2\">Comments <span class=\"wpforms-required-label\">*<\/span><\/label><textarea id=\"wpforms-265-field_2\" class=\"wpforms-field-medium wpforms-field-required\" name=\"wpforms[fields][2]\" placeholder=\"Message\" required><\/textarea><\/div><\/div><div class=\"wpforms-field wpforms-field-hp\"><label for=\"wpforms-265-field-hp\" class=\"wpforms-field-label\">phone<\/label><input type=\"text\" name=\"wpforms[hp]\" id=\"wpforms-265-field-hp\" class=\"wpforms-field-medium\"><\/div><div class=\"wpforms-submit-container\" ><input type=\"hidden\" name=\"wpforms[id]\" value=\"265\"><input type=\"hidden\" name=\"wpforms[author]\" value=\"1\">\t\t<div id=\"cf-turnstile-wpf-3382381980\"\r\n\t\tclass=\"cf-turnstile\" \t\tdata-sitekey=\"0x4AAAAAAACOI9gtQA4e9Ylz\"\r\n\t\tdata-theme=\"light\"\r\n\t\tdata-language=\"auto\"\r\n\t\tdata-size=\"\"\r\n\t\tdata-retry=\"auto\" data-retry-interval=\"1000\"\r\n\t\tdata-action=\"wpforms-265\"\r\n\t\t\t\tdata-appearance=\"always\"><\/div>\r\n\t\t\t<script>document.addEventListener(\"DOMContentLoaded\", function() { setTimeout(function(){ var e=document.getElementById(\"cf-turnstile-wpf-3382381980\"); e&&!e.innerHTML.trim()&&(turnstile.remove(\"#cf-turnstile-wpf-3382381980\"), turnstile.render(\"#cf-turnstile-wpf-3382381980\", {sitekey:\"0x4AAAAAAACOI9gtQA4e9Ylz\"})); }, 0); });<\/script>\r\n\t\t\t<br class=\"cf-turnstile-br cf-turnstile-br-wpf-3382381980\">\r\n\t\t\t\t<style>#cf-turnstile-wpf-3382381980 { margin-left: -15px; }<\/style>\r\n\t\t<button type=\"submit\" name=\"wpforms[submit]\" class=\"wpforms-submit\" id=\"wpforms-submit-265\" value=\"wpforms-submit\" aria-live=\"assertive\" data-alt-text=\"Sending...\" data-submit-text=\"Enviar informaci\u00f3n\">Send information<\/button><\/div><input type=\"hidden\" name=\"trp-form-language\" value=\"en\"\/><\/form><\/div>  <!-- .wpforms-container -->","protected":false},"excerpt":{"rendered":"<p>Investigaci\u00f3n PROYECTO: Heterogeneidad Gen\u00e9tica del Autismo El Centro de Investigaciones Gen\u00e9ticas en Enfermedades Humanas (CIGEN) de la Universidad de los Andes, desde el a\u00f1o 2011, est\u00e1 llevando a cabo el proyecto &#8220;Heterogeneidad Gen\u00e9tica del Autismo&#8221;, en colaboraci\u00f3n con La Liga Colombiana de Autismo, La Cl\u00ednica Monserrat y la Fundaci\u00f3n Santaf\u00e9. El prop\u00f3sito de este proyecto&hellip;<\/p>","protected":false},"author":1,"featured_media":206,"parent":0,"menu_order":0,"comment_status":"closed","ping_status":"open","template":"","meta":{"_seopress_robots_primary_cat":"","_seopress_titles_title":"","_seopress_titles_desc":"","_seopress_robots_index":"","footnotes":""},"class_list":["post-344","page","type-page","status-publish","has-post-thumbnail","hentry"],"acf":[],"_links":{"self":[{"href":"https:\/\/ligautismo.org\/en\/wp-json\/wp\/v2\/pages\/344","targetHints":{"allow":["GET"]}}],"collection":[{"href":"https:\/\/ligautismo.org\/en\/wp-json\/wp\/v2\/pages"}],"about":[{"href":"https:\/\/ligautismo.org\/en\/wp-json\/wp\/v2\/types\/page"}],"author":[{"embeddable":true,"href":"https:\/\/ligautismo.org\/en\/wp-json\/wp\/v2\/users\/1"}],"replies":[{"embeddable":true,"href":"https:\/\/ligautismo.org\/en\/wp-json\/wp\/v2\/comments?post=344"}],"version-history":[{"count":0,"href":"https:\/\/ligautismo.org\/en\/wp-json\/wp\/v2\/pages\/344\/revisions"}],"wp:featuredmedia":[{"embeddable":true,"href":"https:\/\/ligautismo.org\/en\/wp-json\/wp\/v2\/media\/206"}],"wp:attachment":[{"href":"https:\/\/ligautismo.org\/en\/wp-json\/wp\/v2\/media?parent=344"}],"curies":[{"name":"wp","href":"https:\/\/api.w.org\/{rel}","templated":true}]}}