{"id":427,"date":"2020-04-20T09:56:30","date_gmt":"2020-04-20T09:56:30","guid":{"rendered":"https:\/\/lawngreen-fish-169892.hostingersite.com\/?page_id=427"},"modified":"2025-02-07T06:56:32","modified_gmt":"2025-02-07T06:56:32","slug":"donaciones","status":"publish","type":"page","link":"https:\/\/ligautismo.org\/en\/donaciones\/","title":{"rendered":"Donations"},"content":{"rendered":"<h1>Donations<\/h1>\n<h3>\n\t\tDona a LICA <br \/>  Transformemos Juntos\n\t<\/h3>\n\t<p>Las donaciones en dinero ser\u00e1n destinadas al programa que hayas elegido (Incidencia y pedagog\u00eda, familias o habilidades sociales)<\/p>\n<h2>\n\t\tCon tu donaci\u00f3n:\n\t<\/h2>\n\t<p>Contribuyes a las acciones de incidencia y pedagog\u00eda para una vida en la comunidad plena de las personas con autismo.\u00a0<\/p>\n<p><a href=\"https:\/\/2deabril.ligautismo.org\" target=\"_blank\" rel=\"noopener\"><strong>M\u00e1s informaci\u00f3n<\/strong><\/a><\/p>\n\t\t\t\t<img decoding=\"async\" src=\"https:\/\/eruditus.sfo2.digitaloceanspaces.com\/Ligautismo\/Incidencia.png\" alt=\"Ilustraci\u00f3n de cuatro ni\u00f1os felices juntos.\" itemprop=\"image\" height=\"500\" width=\"500\" title=\"incidencia\" onerror=\"this.style.display='none'\"  \/>\n\t<p><strong>Aportas<\/strong> para el apoyo y acompa\u00f1amiento de una familia durante un a\u00f1o<\/p>\n<p><a href=\"http:\/\/ligautismo.org\/wp-content\/uploads\/2024\/01\/familia-informadas-y-acompanadas-FIA.pdf\" target=\"_blank\" rel=\"noopener\"><strong>Programa FIA<\/strong><\/a><\/p>\n\t\t\t\t<img decoding=\"async\" src=\"https:\/\/eruditus.sfo2.digitaloceanspaces.com\/Ligautismo\/Programa-familias.png\" alt=\"Ilustraci\u00f3n de familia multigeneracional.\" itemprop=\"image\" height=\"500\" width=\"500\" title=\"programa familias\" onerror=\"this.style.display='none'\"  \/>\n\t<p>Apoyas el fortalecimiento de las habilidades sociales de una persona con autismo.<\/p>\n<p><strong><a href=\"https:\/\/lawngreen-fish-169892.hostingersite.com\/a-ninos-jovenes-y-adultos\/\" target=\"_blank\" rel=\"noopener\">Taller de HS<\/a><\/strong><\/p>\n\t\t\t\t<img decoding=\"async\" src=\"https:\/\/eruditus.sfo2.digitaloceanspaces.com\/Ligautismo\/Habilidades-sociales.png\" alt=\"Grupo de amigos abrazados y sonrientes.\" itemprop=\"image\" height=\"500\" width=\"500\" title=\"Habilidades sociales\" onerror=\"this.style.display='none'\"  \/>\n<h3>\n\t\tAnother way to donate\n\t<\/h3>\n\t<p>Tambi\u00e9n puedes hacernos donaciones en especie, (camisetas, vallas, manillas, gorras, refrigerios, etc.) elementos que ser\u00e1n destinados a nuestra campa\u00f1a del <strong><a href=\"https:\/\/2deabril.ligautismo.org\/\" target=\"_blank\" rel=\"noopener\">D\u00eda Mundial de la Concienciaci\u00f3n sobre el Autismo.<\/a><\/strong><\/p>\n<h3>\n\t\tMoney donations\n\t<\/h3>\n\t<p>Monetary donations will be allocated according to the choice you have made to contribute to any of our actions. <\/p>\n\t<h4>Davivienda Bank<br \/>\nCuenta Damas N\u00b0 0099 0034 3469<br \/>\nNit.901309603-8<br \/>\nLICA &#8211; Liga Colombiana Autismo<\/h4>\n\t\t\t\t<img decoding=\"async\" src=\"https:\/\/eruditus.sfo2.digitaloceanspaces.com\/Ligautismo\/donaciones-01.png\" alt=\"Ap\u00f3yanos con donaciones en hucha de piezas.\" itemprop=\"image\" title=\"donations-01\" onerror=\"this.style.display='none'\"  \/>\n\tTelephone 311-2414890 \u2013 3 575260<br \/>\ninfo@localhost<br \/>\nCalle 39 A \u2013 26 \u2013 42 La Soledad neighborhood<br \/>\nBogota Colombia","protected":false},"excerpt":{"rendered":"<p>Donaciones Dona a LICA Transformemos Juntos Las donaciones en dinero ser\u00e1n destinadas al programa que hayas elegido (Incidencia y pedagog\u00eda, familias o habilidades sociales) Con tu donaci\u00f3n: Contribuyes a las acciones de incidencia y pedagog\u00eda para una vida en la comunidad plena de las personas con autismo.\u00a0 M\u00e1s informaci\u00f3n Aportas para el apoyo y acompa\u00f1amiento&hellip;<\/p>","protected":false},"author":1,"featured_media":234,"parent":0,"menu_order":0,"comment_status":"closed","ping_status":"closed","template":"","meta":{"_seopress_robots_primary_cat":"","_seopress_titles_title":"","_seopress_titles_desc":"","_seopress_robots_index":"","footnotes":""},"class_list":["post-427","page","type-page","status-publish","has-post-thumbnail","hentry"],"acf":[],"_links":{"self":[{"href":"https:\/\/ligautismo.org\/en\/wp-json\/wp\/v2\/pages\/427","targetHints":{"allow":["GET"]}}],"collection":[{"href":"https:\/\/ligautismo.org\/en\/wp-json\/wp\/v2\/pages"}],"about":[{"href":"https:\/\/ligautismo.org\/en\/wp-json\/wp\/v2\/types\/page"}],"author":[{"embeddable":true,"href":"https:\/\/ligautismo.org\/en\/wp-json\/wp\/v2\/users\/1"}],"replies":[{"embeddable":true,"href":"https:\/\/ligautismo.org\/en\/wp-json\/wp\/v2\/comments?post=427"}],"version-history":[{"count":0,"href":"https:\/\/ligautismo.org\/en\/wp-json\/wp\/v2\/pages\/427\/revisions"}],"wp:featuredmedia":[{"embeddable":true,"href":"https:\/\/ligautismo.org\/en\/wp-json\/wp\/v2\/media\/234"}],"wp:attachment":[{"href":"https:\/\/ligautismo.org\/en\/wp-json\/wp\/v2\/media?parent=427"}],"curies":[{"name":"wp","href":"https:\/\/api.w.org\/{rel}","templated":true}]}}