{"id":574,"date":"2020-06-30T14:00:38","date_gmt":"2020-06-30T14:00:38","guid":{"rendered":"https:\/\/lawngreen-fish-169892.hostingersite.com\/?page_id=574"},"modified":"2026-02-23T03:55:31","modified_gmt":"2026-02-23T03:55:31","slug":"incidencia-politica","status":"publish","type":"page","link":"https:\/\/ligautismo.org\/en\/incidencia-politica\/","title":{"rendered":"Political Advocacy"},"content":{"rendered":"<p>La Liga Colombiana de Autismo trabaja incansablemente por un futuro m\u00e1s inclusivo para las personas con espectro autista. A trav\u00e9s de la incidencia pol\u00edtica, buscamos garantizar sus derechos y visibilizar sus necesidades en la sociedad.<\/p>\n<p>Unidas a 18 familias y organizaciones de nuestro pa\u00eds, impulsamos acciones conjuntas para transformar la realidad de las personas con autismo. Nuestra directora participa activamente en el Consejo Nacional de Salud Mental y somos miembros del Grupo de Enlace Sectorial GES, lo que nos permite aportar en el marco del Sistema Nacional de Discapacidad.<\/p>\n<p>Gracias a nuestro trabajo en equipo, hemos logrado avances significativos en la formulaci\u00f3n de pol\u00edticas p\u00fablicas inclusivas y hemos empoderado a las familias para que sean agentes de cambio en sus comunidades. Nuestro objetivo es construir un pa\u00eds donde todas las personas, sin importar sus diferencias, tengan las mismas oportunidades.<\/p>\n<ul>\n<li><a href=\"https:\/\/eruditus.sfo2.digitaloceanspaces.com\/ligautismo\/documentos\/incidencia-politica\/1%20Ley%201618.pdf\" target=\"_blank\" rel=\"noopener\">Statutory Law 1618 \u2013 Effective enjoyment of the rights of persons with disabilities<\/a><\/li>\n<li><a href=\"https:\/\/eruditus.sfo2.digitaloceanspaces.com\/ligautismo\/documentos\/incidencia-politica\/2%20Ley%201616.pdf\" target=\"_blank\" rel=\"noopener\">Mental Health Law 1616<\/a><\/li>\n<li><a href=\"https:\/\/eruditus.sfo2.digitaloceanspaces.com\/ligautismo\/documentos\/incidencia-politica\/3%20Decreto%201421.pdf\" target=\"_blank\" rel=\"noopener\">Decree 1421, which regulates educational attention to the population with disabilities within the framework of inclusive education.<\/a><\/li>\n<li><a href=\"https:\/\/eruditus.sfo2.digitaloceanspaces.com\/ligautismo\/documentos\/incidencia-politica\/4%20Ley%201996.pdf\" target=\"_blank\" rel=\"noopener\">Law 1996, by means of which the regime for the exercise of legal capacity of persons with disabilities of legal age is established.<\/a><\/li>\n<li><a href=\"https:\/\/eruditus.sfo2.digitaloceanspaces.com\/ligautismo\/documentos\/incidencia-politica\/5%20Resolucion%20No.%201904%20de%202017.pdf\" target=\"_blank\" rel=\"noopener\">Resolution 1904 aimed at guaranteeing that people with disabilities have access to adequate and sufficient information on their sexual rights and reproductive rights.<\/a><\/li>\n<li><a href=\"https:\/\/eruditus.sfo2.digitaloceanspaces.com\/Ligautismo\/Sentencia-573-facil-lectura.pdf\" target=\"_blank\" rel=\"noopener\">Sentence 573\/2016 in easy reading.<\/a><\/li>\n<li><a href=\"https:\/\/eruditus.sfo2.digitaloceanspaces.com\/Ligautismo\/protocolo-para-el-acceso-a-la-justicia-de-las-personas-con-discapacidad.pdf\" target=\"_blank\" rel=\"noopener\">Protocolo para el acceso a la justicia de las personas con discapacidad<\/a><\/li>\n<\/ul>\n<p><strong>We share some about disability regulations:<\/strong><\/p>\n<ul>\n<li><a href=\"https:\/\/eruditus.sfo2.digitaloceanspaces.com\/ligautismo\/documentos\/incidencia-politica\/6%20Convencion%20personas%20con%20discapacidad%20ONU.pdf\" target=\"_blank\" rel=\"noopener\">UN Convention on the Rights of Persons with Disabilities<\/a><\/li>\n<li><a href=\"https:\/\/eruditus.sfo2.digitaloceanspaces.com\/ligautismo\/documentos\/incidencia-politica\/7%20Convencion_Facil_Lectura.pdf\" target=\"_blank\" rel=\"noopener\">Easy-to-read UN Convention on the Rights of Persons with Disabilities<\/a><\/li>\n<li><a href=\"https:\/\/eruditus.sfo2.digitaloceanspaces.com\/Ligautismo\/Directrices-para-la-desinstitucionalizacion-de-las-personas-con-discapacidad-de-la-ONU.pdf\" target=\"_blank\" rel=\"noopener\" data-saferedirecturl=\"https:\/\/www.google.com\/url?q=https:\/\/eruditus.sfo2.digitaloceanspaces.com\/ligautismo\/documentos\/incidencia-politica\/7%2520Convencion_Facil_Lectura.pdf&amp;source=gmail&amp;ust=1697631943625000&amp;usg=AOvVaw25y-5OcuFHUfNTrwxMpPVf\">UN Guidelines for the Deinstitutionalization of Persons with Disabilities<\/a><\/li>\n<\/ul>\n<p><strong>Other documents:<\/strong><\/p>\n<ul>\n<li><a href=\"https:\/\/eruditus.sfo2.digitaloceanspaces.com\/ligautismo\/documentos\/incidencia-politica\/otros-documentos\/Propuesta%20Familias%20mesas%20autismo.pdf\" target=\"_blank\" rel=\"noopener\">Document prepared LICA with the participation of families of people with autism<\/a><\/li>\n<li><a href=\"https:\/\/eruditus.sfo2.digitaloceanspaces.com\/ligautismo\/documentos\/incidencia-politica\/otros-documentos\/Encuesta%20familias.pdf\">Result of survey to families year 2015<\/a><\/li>\n<li><a href=\"https:\/\/eruditus.sfo2.digitaloceanspaces.com\/ligautismo\/documentos\/incidencia-politica\/otros-documentos\/Protocolo-TEA-pdf.pdf\" target=\"_blank\" rel=\"noopener\">Clinical Protocol Ministry of Health and Social Protection<\/a><\/li>\n<li><a href=\"https:\/\/eruditus.sfo2.digitaloceanspaces.com\/Ligautismo\/analisis-encuesta-familias.pdf\" target=\"_blank\" rel=\"noopener\">Family survey analysis<\/a><\/li>\n<\/ul>\n<p>&nbsp;<\/p>\n<p>&nbsp;<\/p>\n\t<h2><strong>Contact us\u00a0<\/strong><\/h2>\n\t<p>Thank you for contacting us, please note that the fields marked with ( * ) are required. Soon one of our representatives will contact you via phone or email.<\/p>\n\t<div class=\"wpforms-container wpforms-container-full\" id=\"wpforms-265\"><form id=\"wpforms-form-265\" class=\"wpforms-validate wpforms-form\" data-formid=\"265\" method=\"post\" enctype=\"multipart\/form-data\" action=\"\/en\/wp-json\/wp\/v2\/pages\/574\" data-token=\"3b793b30642ed1991cd78abddf2083f7\" data-trp-original-action=\"\/en\/wp-json\/wp\/v2\/pages\/574\"><noscript class=\"wpforms-error-noscript\">Please enable JavaScript in your browser to complete this form.<\/noscript><div class=\"wpforms-field-container\"><div id=\"wpforms-265-field_0-container\" class=\"wpforms-field wpforms-field-name\" data-field-id=\"0\"><label class=\"wpforms-field-label wpforms-label-hide\" for=\"wpforms-265-field_0\">Name and surname <span class=\"wpforms-required-label\">*<\/span><\/label><div class=\"wpforms-field-row wpforms-field-large\"><div class=\"wpforms-field-row-block wpforms-first wpforms-one-half\"><input type=\"text\" id=\"wpforms-265-field_0\" class=\"wpforms-field-name-first wpforms-field-required\" name=\"wpforms[fields][0][first]\" placeholder=\"Names\" required><label for=\"wpforms-265-field_0\" class=\"wpforms-field-sublabel after wpforms-sublabel-hide\">First<\/label><\/div><div class=\"wpforms-field-row-block wpforms-one-half\"><input type=\"text\" id=\"wpforms-265-field_0-last\" class=\"wpforms-field-name-last wpforms-field-required\" name=\"wpforms[fields][0][last]\" placeholder=\"Surnames\" required><label for=\"wpforms-265-field_0-last\" class=\"wpforms-field-sublabel after wpforms-sublabel-hide\">Last<\/label><\/div><\/div><\/div><div id=\"wpforms-265-field_1-container\" class=\"wpforms-field wpforms-field-email\" data-field-id=\"1\"><label class=\"wpforms-field-label wpforms-label-hide\" for=\"wpforms-265-field_1\">E-mail <span class=\"wpforms-required-label\">*<\/span><\/label><input type=\"email\" id=\"wpforms-265-field_1\" class=\"wpforms-field-large wpforms-field-required\" name=\"wpforms[fields][1]\" placeholder=\"E-mail\" required><\/div><div id=\"wpforms-265-field_2-container\" class=\"wpforms-field wpforms-field-textarea\" data-field-id=\"2\"><label class=\"wpforms-field-label wpforms-label-hide\" for=\"wpforms-265-field_2\">Comments <span class=\"wpforms-required-label\">*<\/span><\/label><textarea id=\"wpforms-265-field_2\" class=\"wpforms-field-medium wpforms-field-required\" name=\"wpforms[fields][2]\" placeholder=\"Message\" required><\/textarea><\/div><\/div><div class=\"wpforms-field wpforms-field-hp\"><label for=\"wpforms-265-field-hp\" class=\"wpforms-field-label\">message<\/label><input type=\"text\" name=\"wpforms[hp]\" id=\"wpforms-265-field-hp\" class=\"wpforms-field-medium\"><\/div><div class=\"wpforms-submit-container\" ><input type=\"hidden\" name=\"wpforms[id]\" value=\"265\"><input type=\"hidden\" name=\"wpforms[author]\" value=\"1\">\t\t<div id=\"cf-turnstile-wpf-3971867824\"\r\n\t\tclass=\"cf-turnstile\" \t\tdata-sitekey=\"0x4AAAAAAACOI9gtQA4e9Ylz\"\r\n\t\tdata-theme=\"light\"\r\n\t\tdata-language=\"auto\"\r\n\t\tdata-size=\"\"\r\n\t\tdata-retry=\"auto\" data-retry-interval=\"1000\"\r\n\t\tdata-action=\"wpforms-265\"\r\n\t\t\t\tdata-appearance=\"always\"><\/div>\r\n\t\t\t<script>document.addEventListener(\"DOMContentLoaded\", function() { setTimeout(function(){ var e=document.getElementById(\"cf-turnstile-wpf-3971867824\"); e&&!e.innerHTML.trim()&&(turnstile.remove(\"#cf-turnstile-wpf-3971867824\"), turnstile.render(\"#cf-turnstile-wpf-3971867824\", {sitekey:\"0x4AAAAAAACOI9gtQA4e9Ylz\"})); }, 0); });<\/script>\r\n\t\t\t<br class=\"cf-turnstile-br cf-turnstile-br-wpf-3971867824\">\r\n\t\t\t\t<style>#cf-turnstile-wpf-3971867824 { margin-left: -15px; }<\/style>\r\n\t\t<button type=\"submit\" name=\"wpforms[submit]\" class=\"wpforms-submit\" id=\"wpforms-submit-265\" value=\"wpforms-submit\" aria-live=\"assertive\" data-alt-text=\"Sending...\" data-submit-text=\"Enviar informaci\u00f3n\">Send information<\/button><\/div><input type=\"hidden\" name=\"trp-form-language\" value=\"en\"\/><\/form><\/div>  <!-- .wpforms-container -->","protected":false},"excerpt":{"rendered":"<p>La Liga Colombiana de Autismo trabaja incansablemente por un futuro m\u00e1s inclusivo para las personas con espectro autista. A trav\u00e9s de la incidencia pol\u00edtica, buscamos garantizar sus derechos y visibilizar sus necesidades en la sociedad. Unidas a 18 familias y organizaciones de nuestro pa\u00eds, impulsamos acciones conjuntas para transformar la realidad de las personas con&hellip;<\/p>","protected":false},"author":1,"featured_media":206,"parent":0,"menu_order":0,"comment_status":"closed","ping_status":"closed","template":"","meta":{"_seopress_robots_primary_cat":"","_seopress_titles_title":"","_seopress_titles_desc":"","_seopress_robots_index":"","footnotes":""},"class_list":["post-574","page","type-page","status-publish","has-post-thumbnail","hentry"],"acf":[],"_links":{"self":[{"href":"https:\/\/ligautismo.org\/en\/wp-json\/wp\/v2\/pages\/574","targetHints":{"allow":["GET"]}}],"collection":[{"href":"https:\/\/ligautismo.org\/en\/wp-json\/wp\/v2\/pages"}],"about":[{"href":"https:\/\/ligautismo.org\/en\/wp-json\/wp\/v2\/types\/page"}],"author":[{"embeddable":true,"href":"https:\/\/ligautismo.org\/en\/wp-json\/wp\/v2\/users\/1"}],"replies":[{"embeddable":true,"href":"https:\/\/ligautismo.org\/en\/wp-json\/wp\/v2\/comments?post=574"}],"version-history":[{"count":0,"href":"https:\/\/ligautismo.org\/en\/wp-json\/wp\/v2\/pages\/574\/revisions"}],"wp:featuredmedia":[{"embeddable":true,"href":"https:\/\/ligautismo.org\/en\/wp-json\/wp\/v2\/media\/206"}],"wp:attachment":[{"href":"https:\/\/ligautismo.org\/en\/wp-json\/wp\/v2\/media?parent=574"}],"curies":[{"name":"wp","href":"https:\/\/api.w.org\/{rel}","templated":true}]}}