{"id":580,"date":"2020-06-30T16:58:49","date_gmt":"2020-06-30T16:58:49","guid":{"rendered":"https:\/\/lawngreen-fish-169892.hostingersite.com\/?page_id=580"},"modified":"2024-09-07T19:14:27","modified_gmt":"2024-09-07T19:14:27","slug":"trabajo-en-red","status":"publish","type":"page","link":"https:\/\/ligautismo.org\/en\/trabajo-en-red\/","title":{"rendered":"Networking"},"content":{"rendered":"<h1>Networking<\/h1>\n\t<p>Desde nuestros inicios, hemos cre\u00eddo en el poder de unir esfuerzos. Por eso, impulsamos y hacemos parte de diversas redes a nivel nacional y de la regi\u00f3n, trabajando de la mano con organizaciones:<\/p>\n\t\t\t\t<img decoding=\"async\" src=\"https:\/\/eruditus.sfo2.digitaloceanspaces.com\/Ligautismo\/TrabajoenREd.png\" alt=\"Personas reunidas RCEA Red Colombiana Espectro Autista\" itemprop=\"image\" height=\"500\" width=\"500\" title=\"TrabajoenREd\" onerror=\"this.style.display='none'\"  \/>\n\t<p>A nivel nacional:<\/p>\nLideramos la Red Colombiana Espectro Autista (RCEA), una red nacional que une a organizaciones y familias en la b\u00fasqueda de garantizar los derechos y mejorar la calidad de vida de las personas con espectro autista. A trav\u00e9s de acciones conjuntas como la incidencia pol\u00edtica y la capacitaci\u00f3n, trabajamos para promover la inclusi\u00f3n social.<br \/>\nSomos miembros del Nodo Comunitario de Salud Mental y Discapacidad Psicosocial.<br \/>\nHacemos parte (desde su creaci\u00f3n) de la Coalici\u00f3n Colombiana por la Implementaci\u00f3n de la Convenci\u00f3n sobre los derechos de las personas con discapacidad.<br \/>\nFormamos parte de la Mesa Nacional por la educaci\u00f3n integral de la sexualidad EIS, liderada por El Fondo de Poblaci\u00f3n de las Naciones Unidas &#8211; UNFPA\n<p>En la regi\u00f3n:<\/p>\nMiembros de la Coalici\u00f3n Interamericana por la Desinstitucionalizaci\u00f3n de las Personas con discapacidad (Argentina, Colombia, Ecuador, Chile, Guatemala, M\u00e9xico, Per\u00fa).<br \/>\nHacemos parte del Grupo del Art\u00edculo 12 CDPD &#8211; Vida en la Comunidad.\n\t<h2><strong>Contact us\u00a0<\/strong><\/h2>\n\t<p>Thank you for contacting us, please note that the fields marked with ( * ) are required. Soon one of our representatives will contact you via phone or email.<\/p>\n\t<div class=\"wpforms-container wpforms-container-full\" id=\"wpforms-265\"><form id=\"wpforms-form-265\" class=\"wpforms-validate wpforms-form\" data-formid=\"265\" method=\"post\" enctype=\"multipart\/form-data\" action=\"\/en\/wp-json\/wp\/v2\/pages\/580\" data-token=\"4894f52c305ace3cc49ccda95dd0125b\" data-trp-original-action=\"\/en\/wp-json\/wp\/v2\/pages\/580\"><noscript class=\"wpforms-error-noscript\">Please enable JavaScript in your browser to complete this form.<\/noscript><div class=\"wpforms-field-container\"><div id=\"wpforms-265-field_0-container\" class=\"wpforms-field wpforms-field-name\" data-field-id=\"0\"><label class=\"wpforms-field-label wpforms-label-hide\" for=\"wpforms-265-field_0\">Name and surname <span class=\"wpforms-required-label\">*<\/span><\/label><div class=\"wpforms-field-row wpforms-field-large\"><div class=\"wpforms-field-row-block wpforms-first wpforms-one-half\"><input type=\"text\" id=\"wpforms-265-field_0\" class=\"wpforms-field-name-first wpforms-field-required\" name=\"wpforms[fields][0][first]\" placeholder=\"Names\" required><label for=\"wpforms-265-field_0\" class=\"wpforms-field-sublabel after wpforms-sublabel-hide\">First<\/label><\/div><div class=\"wpforms-field-row-block wpforms-one-half\"><input type=\"text\" id=\"wpforms-265-field_0-last\" class=\"wpforms-field-name-last wpforms-field-required\" name=\"wpforms[fields][0][last]\" placeholder=\"Surnames\" required><label for=\"wpforms-265-field_0-last\" class=\"wpforms-field-sublabel after wpforms-sublabel-hide\">Last<\/label><\/div><\/div><\/div><div id=\"wpforms-265-field_1-container\" class=\"wpforms-field wpforms-field-email\" data-field-id=\"1\"><label class=\"wpforms-field-label wpforms-label-hide\" for=\"wpforms-265-field_1\">E-mail <span class=\"wpforms-required-label\">*<\/span><\/label><input type=\"email\" id=\"wpforms-265-field_1\" class=\"wpforms-field-large wpforms-field-required\" name=\"wpforms[fields][1]\" placeholder=\"E-mail\" required><\/div><div id=\"wpforms-265-field_2-container\" class=\"wpforms-field wpforms-field-textarea\" data-field-id=\"2\"><label class=\"wpforms-field-label wpforms-label-hide\" for=\"wpforms-265-field_2\">Comments <span class=\"wpforms-required-label\">*<\/span><\/label><textarea id=\"wpforms-265-field_2\" class=\"wpforms-field-medium wpforms-field-required\" name=\"wpforms[fields][2]\" placeholder=\"Message\" required><\/textarea><\/div><\/div><div class=\"wpforms-field wpforms-field-hp\"><label for=\"wpforms-265-field-hp\" class=\"wpforms-field-label\">website<\/label><input type=\"text\" name=\"wpforms[hp]\" id=\"wpforms-265-field-hp\" class=\"wpforms-field-medium\"><\/div><div class=\"wpforms-submit-container\" ><input type=\"hidden\" name=\"wpforms[id]\" value=\"265\"><input type=\"hidden\" name=\"wpforms[author]\" value=\"1\">\t\t<div id=\"cf-turnstile-wpf-2682295773\"\r\n\t\tclass=\"cf-turnstile\" \t\tdata-sitekey=\"0x4AAAAAAACOI9gtQA4e9Ylz\"\r\n\t\tdata-theme=\"light\"\r\n\t\tdata-language=\"auto\"\r\n\t\tdata-size=\"\"\r\n\t\tdata-retry=\"auto\" data-retry-interval=\"1000\"\r\n\t\tdata-action=\"wpforms-265\"\r\n\t\t\t\tdata-appearance=\"always\"><\/div>\r\n\t\t\t<script>document.addEventListener(\"DOMContentLoaded\", function() { setTimeout(function(){ var e=document.getElementById(\"cf-turnstile-wpf-2682295773\"); e&&!e.innerHTML.trim()&&(turnstile.remove(\"#cf-turnstile-wpf-2682295773\"), turnstile.render(\"#cf-turnstile-wpf-2682295773\", {sitekey:\"0x4AAAAAAACOI9gtQA4e9Ylz\"})); }, 0); });<\/script>\r\n\t\t\t<br class=\"cf-turnstile-br cf-turnstile-br-wpf-2682295773\">\r\n\t\t\t\t<style>#cf-turnstile-wpf-2682295773 { margin-left: -15px; }<\/style>\r\n\t\t<button type=\"submit\" name=\"wpforms[submit]\" class=\"wpforms-submit\" id=\"wpforms-submit-265\" value=\"wpforms-submit\" aria-live=\"assertive\" data-alt-text=\"Sending...\" data-submit-text=\"Enviar informaci\u00f3n\">Send information<\/button><\/div><input type=\"hidden\" name=\"trp-form-language\" value=\"en\"\/><\/form><\/div>  <!-- .wpforms-container -->","protected":false},"excerpt":{"rendered":"<p>Trabajo en red Desde nuestros inicios, hemos cre\u00eddo en el poder de unir esfuerzos. Por eso, impulsamos y hacemos parte de diversas redes a nivel nacional y de la regi\u00f3n, trabajando de la mano con organizaciones: A nivel nacional: Lideramos la Red Colombiana Espectro Autista (RCEA), una red nacional que une a organizaciones y familias&hellip;<\/p>","protected":false},"author":1,"featured_media":206,"parent":0,"menu_order":0,"comment_status":"closed","ping_status":"closed","template":"","meta":{"_seopress_robots_primary_cat":"","_seopress_titles_title":"","_seopress_titles_desc":"","_seopress_robots_index":"","footnotes":""},"class_list":["post-580","page","type-page","status-publish","has-post-thumbnail","hentry"],"acf":[],"_links":{"self":[{"href":"https:\/\/ligautismo.org\/en\/wp-json\/wp\/v2\/pages\/580","targetHints":{"allow":["GET"]}}],"collection":[{"href":"https:\/\/ligautismo.org\/en\/wp-json\/wp\/v2\/pages"}],"about":[{"href":"https:\/\/ligautismo.org\/en\/wp-json\/wp\/v2\/types\/page"}],"author":[{"embeddable":true,"href":"https:\/\/ligautismo.org\/en\/wp-json\/wp\/v2\/users\/1"}],"replies":[{"embeddable":true,"href":"https:\/\/ligautismo.org\/en\/wp-json\/wp\/v2\/comments?post=580"}],"version-history":[{"count":0,"href":"https:\/\/ligautismo.org\/en\/wp-json\/wp\/v2\/pages\/580\/revisions"}],"wp:featuredmedia":[{"embeddable":true,"href":"https:\/\/ligautismo.org\/en\/wp-json\/wp\/v2\/media\/206"}],"wp:attachment":[{"href":"https:\/\/ligautismo.org\/en\/wp-json\/wp\/v2\/media?parent=580"}],"curies":[{"name":"wp","href":"https:\/\/api.w.org\/{rel}","templated":true}]}}