{"id":665,"date":"2020-11-24T00:08:48","date_gmt":"2020-11-24T00:08:48","guid":{"rendered":"https:\/\/lawngreen-fish-169892.hostingersite.com\/?page_id=665"},"modified":"2020-11-24T00:11:27","modified_gmt":"2020-11-24T00:11:27","slug":"proyecto-universidad-libre","status":"publish","type":"page","link":"https:\/\/ligautismo.org\/en\/proyecto-universidad-libre\/","title":{"rendered":"Free University Project"},"content":{"rendered":"<h1>Research<\/h1>\n<h3>\n\t\t<strong>Project:<\/strong>  Access barriers that affect the human dignity of people with ASD and their families.\n\t<\/h3>\n\t<p><img decoding=\"async\" src=\"https:\/\/eruditus.sfo2.digitaloceanspaces.com\/Ligautismo\/Universidad-Libre-300x225.jpg\" alt=\"\" width=\"365\" height=\"274\" \/><\/p>\n<p>Based on the commitments acquired by Colombia, as a party country that approved the Convention on the Rights of Persons with Disabilities CDPCD, through Law 1346 of December 13, 2006, and as contemplated in article 8 of this international treaty , LICA, and the Faculty of Law of the Free University of Colombia of the city in Bogot\u00e1, advance the project &quot;Access barriers that affect the human dignity of people with ASD and their families.&quot;<\/p>\n<p>During the year 2020, we made progress in carrying out focus groups with people with autism and with families from 10 cities in Colombia (Barranquilla, Bogot\u00e1, Cartagena, Cali, C\u00facuta, Duitama, Medell\u00edn, Pereira, Bucaramanga and Villavicencio).<\/p>\n<p>&nbsp;<\/p>\n\t<p>Contact us\u00a0<\/p>\n\t<p>Thank you for contacting us, please note that the fields marked with ( * ) are required. Soon one of our representatives will contact you via phone or email.<\/p>\n\t<div class=\"wpforms-container wpforms-container-full\" id=\"wpforms-265\"><form id=\"wpforms-form-265\" class=\"wpforms-validate wpforms-form\" data-formid=\"265\" method=\"post\" enctype=\"multipart\/form-data\" action=\"\/en\/wp-json\/wp\/v2\/pages\/665\" data-token=\"1d77d3c8abff4ace3db262621fefee19\" data-trp-original-action=\"\/en\/wp-json\/wp\/v2\/pages\/665\"><noscript class=\"wpforms-error-noscript\">Please enable JavaScript in your browser to complete this form.<\/noscript><div class=\"wpforms-field-container\"><div id=\"wpforms-265-field_0-container\" class=\"wpforms-field wpforms-field-name\" data-field-id=\"0\"><label class=\"wpforms-field-label wpforms-label-hide\" for=\"wpforms-265-field_0\">Name and surname <span class=\"wpforms-required-label\">*<\/span><\/label><div class=\"wpforms-field-row wpforms-field-large\"><div class=\"wpforms-field-row-block wpforms-first wpforms-one-half\"><input type=\"text\" id=\"wpforms-265-field_0\" class=\"wpforms-field-name-first wpforms-field-required\" name=\"wpforms[fields][0][first]\" placeholder=\"Names\" required><label for=\"wpforms-265-field_0\" class=\"wpforms-field-sublabel after wpforms-sublabel-hide\">First<\/label><\/div><div class=\"wpforms-field-row-block wpforms-one-half\"><input type=\"text\" id=\"wpforms-265-field_0-last\" class=\"wpforms-field-name-last wpforms-field-required\" name=\"wpforms[fields][0][last]\" placeholder=\"Surnames\" required><label for=\"wpforms-265-field_0-last\" class=\"wpforms-field-sublabel after wpforms-sublabel-hide\">Last<\/label><\/div><\/div><\/div><div id=\"wpforms-265-field_1-container\" class=\"wpforms-field wpforms-field-email\" data-field-id=\"1\"><label class=\"wpforms-field-label wpforms-label-hide\" for=\"wpforms-265-field_1\">E-mail <span class=\"wpforms-required-label\">*<\/span><\/label><input type=\"email\" id=\"wpforms-265-field_1\" class=\"wpforms-field-large wpforms-field-required\" name=\"wpforms[fields][1]\" placeholder=\"E-mail\" required><\/div><div id=\"wpforms-265-field_2-container\" class=\"wpforms-field wpforms-field-textarea\" data-field-id=\"2\"><label class=\"wpforms-field-label wpforms-label-hide\" for=\"wpforms-265-field_2\">Comments <span class=\"wpforms-required-label\">*<\/span><\/label><textarea id=\"wpforms-265-field_2\" class=\"wpforms-field-medium wpforms-field-required\" name=\"wpforms[fields][2]\" placeholder=\"Message\" required><\/textarea><\/div><\/div><div class=\"wpforms-field wpforms-field-hp\"><label for=\"wpforms-265-field-hp\" class=\"wpforms-field-label\">comment<\/label><input type=\"text\" name=\"wpforms[hp]\" id=\"wpforms-265-field-hp\" class=\"wpforms-field-medium\"><\/div><div class=\"wpforms-submit-container\" ><input type=\"hidden\" name=\"wpforms[id]\" value=\"265\"><input type=\"hidden\" name=\"wpforms[author]\" value=\"1\">\t\t<div id=\"cf-turnstile-wpf-3838639551\"\r\n\t\tclass=\"cf-turnstile\" \t\tdata-sitekey=\"0x4AAAAAAACOI9gtQA4e9Ylz\"\r\n\t\tdata-theme=\"light\"\r\n\t\tdata-language=\"auto\"\r\n\t\tdata-size=\"\"\r\n\t\tdata-retry=\"auto\" data-retry-interval=\"1000\"\r\n\t\tdata-action=\"wpforms-265\"\r\n\t\t\t\tdata-appearance=\"always\"><\/div>\r\n\t\t\t<script>document.addEventListener(\"DOMContentLoaded\", function() { setTimeout(function(){ var e=document.getElementById(\"cf-turnstile-wpf-3838639551\"); e&&!e.innerHTML.trim()&&(turnstile.remove(\"#cf-turnstile-wpf-3838639551\"), turnstile.render(\"#cf-turnstile-wpf-3838639551\", {sitekey:\"0x4AAAAAAACOI9gtQA4e9Ylz\"})); }, 0); });<\/script>\r\n\t\t\t<br class=\"cf-turnstile-br cf-turnstile-br-wpf-3838639551\">\r\n\t\t\t\t<style>#cf-turnstile-wpf-3838639551 { margin-left: -15px; }<\/style>\r\n\t\t<button type=\"submit\" name=\"wpforms[submit]\" class=\"wpforms-submit\" id=\"wpforms-submit-265\" value=\"wpforms-submit\" aria-live=\"assertive\" data-alt-text=\"Sending...\" data-submit-text=\"Enviar informaci\u00f3n\">Send information<\/button><\/div><input type=\"hidden\" name=\"trp-form-language\" value=\"en\"\/><\/form><\/div>  <!-- .wpforms-container -->\n\t<h4><strong>Connect with us<\/strong><br \/>\n<strong>Liga Colombiana de Autismo<\/strong><\/h4>\n\tCalle 39A No 26A \u2013 15<br \/>\nCell: (57) 311 241 4890 \u2013 3 575260<br \/>\nBarrio la Soledad<br \/>\nBogot\u00e1 - Colombia\n\t<iframe src=\"https:\/\/www.google.com\/maps\/embed?pb=!1m18!1m12!1m3!1d3976.8037383987635!2d-74.07966188537375!3d4.629075943563731!2m3!1f0!2f0!3f0!3m2!1i1024!2i768!4f13.1!3m3!1m2!1s0x8e3f9bd52af7a317%3A0xd70c0cc28d70f041!2sLICA!5e0!3m2!1ses-419!2sco!4v1584284234687!5m2!1ses-419!2sco\" width=\"600\" height=\"200\" frameborder=\"0\" allowfullscreen=\"\" aria-hidden=\"false\" tabindex=\"0\"><\/iframe>\n\t<p><center><a href=\"https:\/\/www.facebook.com\/LigaautismoColombia\/\"><img decoding=\"async\" src=\"https:\/\/sfo2.digitaloceanspaces.com\/eruditus\/Ligautismo\/follow-facebook-black-v1.png\" alt=\"\" width=\"48\" height=\"48\" \/><\/a> <a href=\"https:\/\/www.instagram.com\/ligautismo\/?hl=es-la\"><img decoding=\"async\" src=\"https:\/\/sfo2.digitaloceanspaces.com\/eruditus\/Ligautismo\/follow-instagram-black-v1.png\" alt=\"\" width=\"48\" height=\"48\" \/><\/a> <a href=\"https:\/\/ligautismo.blogspot.com\/\"><img decoding=\"async\" src=\"https:\/\/sfo2.digitaloceanspaces.com\/eruditus\/Ligautismo\/follow-tumblr-black-v1.png\" alt=\"\" width=\"48\" height=\"48\" \/><\/a> <a href=\"https:\/\/twitter.com\/Ligautismo\"><img decoding=\"async\" src=\"https:\/\/sfo2.digitaloceanspaces.com\/eruditus\/Ligautismo\/follow-twitter-black-v1.png\" alt=\"\" width=\"48\" height=\"48\" \/><\/a> <a href=\"https:\/\/lawngreen-fish-169892.hostingersite.com\/\"><img decoding=\"async\" src=\"https:\/\/sfo2.digitaloceanspaces.com\/eruditus\/Ligautismo\/follow-website-black-v1.png\" alt=\"\" width=\"48\" height=\"48\" \/><\/a> <a href=\"https:\/\/www.youtube.com\/channel\/UCTXzDj5aDGMsSE7zc8zlCCA\"><img decoding=\"async\" src=\"https:\/\/sfo2.digitaloceanspaces.com\/eruditus\/Ligautismo\/follow-youTube-black-v1.png\" alt=\"\" width=\"48\" height=\"48\" \/><\/a><\/center><\/p>","protected":false},"excerpt":{"rendered":"<p>Research Project: Access barriers that affect the human dignity of people with ASD and their families. Based on the commitments acquired by Colombia, as a party country that approved the Convention on the Rights of Persons with Disabilities CDPCD, through Law 1346 of December 13, 2006, and as contemplated...<\/p>","protected":false},"author":1,"featured_media":206,"parent":0,"menu_order":0,"comment_status":"closed","ping_status":"closed","template":"","meta":{"_seopress_robots_primary_cat":"","_seopress_titles_title":"","_seopress_titles_desc":"","_seopress_robots_index":"","footnotes":""},"class_list":["post-665","page","type-page","status-publish","has-post-thumbnail","hentry"],"acf":[],"_links":{"self":[{"href":"https:\/\/ligautismo.org\/en\/wp-json\/wp\/v2\/pages\/665","targetHints":{"allow":["GET"]}}],"collection":[{"href":"https:\/\/ligautismo.org\/en\/wp-json\/wp\/v2\/pages"}],"about":[{"href":"https:\/\/ligautismo.org\/en\/wp-json\/wp\/v2\/types\/page"}],"author":[{"embeddable":true,"href":"https:\/\/ligautismo.org\/en\/wp-json\/wp\/v2\/users\/1"}],"replies":[{"embeddable":true,"href":"https:\/\/ligautismo.org\/en\/wp-json\/wp\/v2\/comments?post=665"}],"version-history":[{"count":0,"href":"https:\/\/ligautismo.org\/en\/wp-json\/wp\/v2\/pages\/665\/revisions"}],"wp:featuredmedia":[{"embeddable":true,"href":"https:\/\/ligautismo.org\/en\/wp-json\/wp\/v2\/media\/206"}],"wp:attachment":[{"href":"https:\/\/ligautismo.org\/en\/wp-json\/wp\/v2\/media?parent=665"}],"curies":[{"name":"wp","href":"https:\/\/api.w.org\/{rel}","templated":true}]}}