{"id":726,"date":"2021-02-05T23:03:35","date_gmt":"2021-02-05T23:03:35","guid":{"rendered":"https:\/\/lawngreen-fish-169892.hostingersite.com\/?page_id=726"},"modified":"2024-01-25T19:09:38","modified_gmt":"2024-01-25T19:09:38","slug":"a-ninos-jovenes-y-adultos","status":"publish","type":"page","link":"https:\/\/ligautismo.org\/en\/a-ninos-jovenes-y-adultos\/","title":{"rendered":"For children, youth and adults"},"content":{"rendered":"<h1>For children, youth and adults<\/h1>\n\t<h3><b>Social skills workshop<\/b><\/h3>\n\t\t\t\t<img decoding=\"async\" src=\"https:\/\/eruditus.sfo2.digitaloceanspaces.com\/Ligautismo\/Habilidades-sociales-Foto-scaled.jpg\" alt=\"Habilidades sociales Foto\" itemprop=\"image\" title=\"Social Skills Photo\" onerror=\"this.style.display='none'\"  \/>\n\t<p>Social skills are used to function properly in a social environment, they are the art of relating to other people; They are also forms of verbal and non-verbal communication. These abilities bring with them a process that involves thoughts, feelings and behaviors which are related and constantly changing.<\/p>\n<p>Addressing the process of social interaction has represented a challenge not only for families but for people with ASD themselves, since one of their greatest difficulties is communication and being able to express their emotions, for this reason we consider it necessary to generate strategies for the development of these verbal and non-verbal skills, so that they can allow the person with ASD to have a better communication and relationship with others; as well as participate in different environments and promote their rights.<\/p>\n\t<p>Our workshops create a space for participation and interaction with others, through groups of different ages and a facilitator that provides them with tools to enhance their skills, respecting their particularities in such a way that they allow them to participate in different environments, and favorably impact their quality of life. and that of his family.<\/p>\n<h4><strong>Our workshops are aimed at:<\/strong><\/h4>\n<ul>\n<li aria-level=\"1\">Create spaces for socialization and participation.<\/li>\n<li aria-level=\"1\">Generate tools that allow interaction in a social environment.<\/li>\n<li aria-level=\"1\">Strengthen support networks that promote personal and emotional well-being.<\/li>\n<li aria-level=\"1\">Provide knowledge about social relationships, emotions and affectivity.<\/li>\n<li aria-level=\"1\">Include the family, which plays a fundamental role for the development of skills in the person.<\/li>\n<\/ul>\n\t<h2>Contact us\u00a0<\/h2>\n\t<p>Thank you for contacting us, please note that the fields marked with ( * ) are required. Soon one of our representatives will contact you via phone or email.<\/p>\n\t<div class=\"wpforms-container wpforms-container-full\" id=\"wpforms-265\"><form id=\"wpforms-form-265\" class=\"wpforms-validate wpforms-form\" data-formid=\"265\" method=\"post\" enctype=\"multipart\/form-data\" action=\"\/en\/wp-json\/wp\/v2\/pages\/726\" data-token=\"016ef376863d2e72ec1773dff12fd22d\" data-trp-original-action=\"\/en\/wp-json\/wp\/v2\/pages\/726\"><noscript class=\"wpforms-error-noscript\">Please enable JavaScript in your browser to complete this form.<\/noscript><div class=\"wpforms-field-container\"><div id=\"wpforms-265-field_0-container\" class=\"wpforms-field wpforms-field-name\" data-field-id=\"0\"><label class=\"wpforms-field-label wpforms-label-hide\" for=\"wpforms-265-field_0\">Name and surname <span class=\"wpforms-required-label\">*<\/span><\/label><div class=\"wpforms-field-row wpforms-field-large\"><div class=\"wpforms-field-row-block wpforms-first wpforms-one-half\"><input type=\"text\" id=\"wpforms-265-field_0\" class=\"wpforms-field-name-first wpforms-field-required\" name=\"wpforms[fields][0][first]\" placeholder=\"Names\" required><label for=\"wpforms-265-field_0\" class=\"wpforms-field-sublabel after wpforms-sublabel-hide\">First<\/label><\/div><div class=\"wpforms-field-row-block wpforms-one-half\"><input type=\"text\" id=\"wpforms-265-field_0-last\" class=\"wpforms-field-name-last wpforms-field-required\" name=\"wpforms[fields][0][last]\" placeholder=\"Surnames\" required><label for=\"wpforms-265-field_0-last\" class=\"wpforms-field-sublabel after wpforms-sublabel-hide\">Last<\/label><\/div><\/div><\/div><div id=\"wpforms-265-field_1-container\" class=\"wpforms-field wpforms-field-email\" data-field-id=\"1\"><label class=\"wpforms-field-label wpforms-label-hide\" for=\"wpforms-265-field_1\">E-mail <span class=\"wpforms-required-label\">*<\/span><\/label><input type=\"email\" id=\"wpforms-265-field_1\" class=\"wpforms-field-large wpforms-field-required\" name=\"wpforms[fields][1]\" placeholder=\"E-mail\" required><\/div><div id=\"wpforms-265-field_2-container\" class=\"wpforms-field wpforms-field-textarea\" data-field-id=\"2\"><label class=\"wpforms-field-label wpforms-label-hide\" for=\"wpforms-265-field_2\">Comments <span class=\"wpforms-required-label\">*<\/span><\/label><textarea id=\"wpforms-265-field_2\" class=\"wpforms-field-medium wpforms-field-required\" name=\"wpforms[fields][2]\" placeholder=\"Message\" required><\/textarea><\/div><\/div><div class=\"wpforms-field wpforms-field-hp\"><label for=\"wpforms-265-field-hp\" class=\"wpforms-field-label\">Yam<\/label><input type=\"text\" name=\"wpforms[hp]\" id=\"wpforms-265-field-hp\" class=\"wpforms-field-medium\"><\/div><div class=\"wpforms-submit-container\" ><input type=\"hidden\" name=\"wpforms[id]\" value=\"265\"><input type=\"hidden\" name=\"wpforms[author]\" value=\"1\">\t\t<div id=\"cf-turnstile-wpf-282003453\"\r\n\t\tclass=\"cf-turnstile\" \t\tdata-sitekey=\"0x4AAAAAAACOI9gtQA4e9Ylz\"\r\n\t\tdata-theme=\"light\"\r\n\t\tdata-language=\"auto\"\r\n\t\tdata-size=\"\"\r\n\t\tdata-retry=\"auto\" data-retry-interval=\"1000\"\r\n\t\tdata-action=\"wpforms-265\"\r\n\t\t\t\tdata-appearance=\"always\"><\/div>\r\n\t\t\t<script>document.addEventListener(\"DOMContentLoaded\", function() { setTimeout(function(){ var e=document.getElementById(\"cf-turnstile-wpf-282003453\"); e&&!e.innerHTML.trim()&&(turnstile.remove(\"#cf-turnstile-wpf-282003453\"), turnstile.render(\"#cf-turnstile-wpf-282003453\", {sitekey:\"0x4AAAAAAACOI9gtQA4e9Ylz\"})); }, 0); });<\/script>\r\n\t\t\t<br class=\"cf-turnstile-br cf-turnstile-br-wpf-282003453\">\r\n\t\t\t\t<style>#cf-turnstile-wpf-282003453 { margin-left: -15px; }<\/style>\r\n\t\t<button type=\"submit\" name=\"wpforms[submit]\" class=\"wpforms-submit\" id=\"wpforms-submit-265\" value=\"wpforms-submit\" aria-live=\"assertive\" data-alt-text=\"Sending...\" data-submit-text=\"Enviar informaci\u00f3n\">Send information<\/button><\/div><input type=\"hidden\" name=\"trp-form-language\" value=\"en\"\/><\/form><\/div>  <!-- .wpforms-container -->","protected":false},"excerpt":{"rendered":"<p>A ni\u00f1os, j\u00f3venes y adultos Taller de habilidades sociales Las habilidades sociales sirven para desenvolvernos adecuadamente en un entorno social, son el arte de relacionarse con las dem\u00e1s personas; tambi\u00e9n son formas de comunicaci\u00f3n verbal y no verbal. Estas habilidades traen consigo un proceso que involucra pensamientos, sentimientos y conductas las cuales est\u00e1n relacionadas y&hellip;<\/p>","protected":false},"author":1,"featured_media":208,"parent":0,"menu_order":0,"comment_status":"closed","ping_status":"closed","template":"","meta":{"_seopress_robots_primary_cat":"","_seopress_titles_title":"","_seopress_titles_desc":"","_seopress_robots_index":"","footnotes":""},"class_list":["post-726","page","type-page","status-publish","has-post-thumbnail","hentry"],"acf":[],"_links":{"self":[{"href":"https:\/\/ligautismo.org\/en\/wp-json\/wp\/v2\/pages\/726","targetHints":{"allow":["GET"]}}],"collection":[{"href":"https:\/\/ligautismo.org\/en\/wp-json\/wp\/v2\/pages"}],"about":[{"href":"https:\/\/ligautismo.org\/en\/wp-json\/wp\/v2\/types\/page"}],"author":[{"embeddable":true,"href":"https:\/\/ligautismo.org\/en\/wp-json\/wp\/v2\/users\/1"}],"replies":[{"embeddable":true,"href":"https:\/\/ligautismo.org\/en\/wp-json\/wp\/v2\/comments?post=726"}],"version-history":[{"count":0,"href":"https:\/\/ligautismo.org\/en\/wp-json\/wp\/v2\/pages\/726\/revisions"}],"wp:featuredmedia":[{"embeddable":true,"href":"https:\/\/ligautismo.org\/en\/wp-json\/wp\/v2\/media\/208"}],"wp:attachment":[{"href":"https:\/\/ligautismo.org\/en\/wp-json\/wp\/v2\/media?parent=726"}],"curies":[{"name":"wp","href":"https:\/\/api.w.org\/{rel}","templated":true}]}}