{"id":734,"date":"2021-02-05T23:35:01","date_gmt":"2021-02-05T23:35:01","guid":{"rendered":"https:\/\/lawngreen-fish-169892.hostingersite.com\/?page_id=734"},"modified":"2025-03-01T16:39:11","modified_gmt":"2025-03-01T16:39:11","slug":"a-familias","status":"publish","type":"page","link":"https:\/\/ligautismo.org\/en\/a-familias\/","title":{"rendered":"To families"},"content":{"rendered":"<h1>To families<\/h1>\n<h2>\n\t\tAcompa\u00f1amos y conectamos con recursos, herramientas y estrategias.\n\t<\/h2>\n\t\t\t\t<img decoding=\"async\" src=\"https:\/\/eruditus.sfo2.digitaloceanspaces.com\/Ligautismo\/Programa-familias-1.png\" alt=\"Dibujo de una familia de tres generaciones sonrientes.\" itemprop=\"image\" height=\"500\" width=\"500\" title=\"Programa familias\" onerror=\"this.style.display='none'\"  \/>\n\t<strong>Programa<\/strong><br \/>\nFIA: Familias Informadas y Acompa\u00f1adas\u00a0\n<p><a href=\"https:\/\/eruditus.sfo2.digitaloceanspaces.com\/Ligautismo\/FIA-4.pdf\" target=\"_blank\" rel=\"noopener\">Como acceder al programa<\/a><\/p>\n\t\t\t\t<img decoding=\"async\" src=\"https:\/\/eruditus.sfo2.digitaloceanspaces.com\/Ligautismo\/Dx.png\" alt=\"Dos personas conversan sentadas en sillas.\" itemprop=\"image\" height=\"500\" width=\"500\" title=\"Dx\" onerror=\"this.style.display='none'\"  \/>\n\t<p><strong>Derivamos<\/strong> a un equipo calificado en aplicaci\u00f3n de pruebas para TEA.<\/p>\n<p><a href=\"https:\/\/eruditus.sfo2.digitaloceanspaces.com\/Ligautismo\/TEA-Identificacion-comprension-e-intervencion.pdf\" target=\"_blank\" rel=\"noopener\">Buenas pr\u00e1cticas en un proceso de diagn\u00f3stico<\/a><\/p>\n\n<p>&nbsp;<\/p>\n\t\t\t\t<img decoding=\"async\" src=\"https:\/\/eruditus.sfo2.digitaloceanspaces.com\/Ligautismo\/Red-familias.png\" alt=\"Personas conectadas por un hilo rojo.\" itemprop=\"image\" height=\"500\" width=\"500\" title=\"Red familias\" onerror=\"this.style.display='none'\"  \/>\n\t<p>Conectamos con familias de otras ciudades para apoyo mutuo<\/p>\n<p><strong>RCEA<\/strong> &#8211; Red de familias<\/p>\n<p><a href=\"https:\/\/lawngreen-fish-169892.hostingersite.com\/trabajo-en-red\/\">Sobre la Red<\/a><\/p>\n\t<p><strong><a href=\"https:\/\/docs.google.com\/spreadsheets\/d\/e\/2PACX-1vR8a4aFzAaDh-N4CBSew7Mxu9NCYXNHvNGzJu1ScFd81KR9A8so3rVsMlf8IxUqfA\/pubhtml?gid=1865039317&amp;single=true&amp;widget=true&amp;headers=false\" target=\"_blank\" rel=\"noopener\">Consulte aqu\u00ed informaci\u00f3n grupos de apoyo<\/a><\/strong><\/p>\n<p><strong><a href=\"https:\/\/lawngreen-fish-169892.hostingersite.com\/charlas-y-tallers\/\">Charlas y talleres\u00a0<\/a><\/strong><\/p>\n\t<h2><strong>Contact us\u00a0<\/strong><\/h2>\n\t<p>Thank you for contacting us, please note that the fields marked with ( * ) are required. Soon one of our representatives will contact you via phone or email.<\/p>\n\t<div class=\"wpforms-container wpforms-container-full\" id=\"wpforms-265\"><form id=\"wpforms-form-265\" class=\"wpforms-validate wpforms-form\" data-formid=\"265\" method=\"post\" enctype=\"multipart\/form-data\" action=\"\/en\/wp-json\/wp\/v2\/pages\/734\" data-token=\"3b793b30642ed1991cd78abddf2083f7\" data-trp-original-action=\"\/en\/wp-json\/wp\/v2\/pages\/734\"><noscript class=\"wpforms-error-noscript\">Please enable JavaScript in your browser to complete this form.<\/noscript><div class=\"wpforms-field-container\"><div id=\"wpforms-265-field_0-container\" class=\"wpforms-field wpforms-field-name\" data-field-id=\"0\"><label class=\"wpforms-field-label wpforms-label-hide\" for=\"wpforms-265-field_0\">Name and surname <span class=\"wpforms-required-label\">*<\/span><\/label><div class=\"wpforms-field-row wpforms-field-large\"><div class=\"wpforms-field-row-block wpforms-first wpforms-one-half\"><input type=\"text\" id=\"wpforms-265-field_0\" class=\"wpforms-field-name-first wpforms-field-required\" name=\"wpforms[fields][0][first]\" placeholder=\"Names\" required><label for=\"wpforms-265-field_0\" class=\"wpforms-field-sublabel after wpforms-sublabel-hide\">First<\/label><\/div><div class=\"wpforms-field-row-block wpforms-one-half\"><input type=\"text\" id=\"wpforms-265-field_0-last\" class=\"wpforms-field-name-last wpforms-field-required\" name=\"wpforms[fields][0][last]\" placeholder=\"Surnames\" required><label for=\"wpforms-265-field_0-last\" class=\"wpforms-field-sublabel after wpforms-sublabel-hide\">Last<\/label><\/div><\/div><\/div><div id=\"wpforms-265-field_1-container\" class=\"wpforms-field wpforms-field-email\" data-field-id=\"1\"><label class=\"wpforms-field-label wpforms-label-hide\" for=\"wpforms-265-field_1\">E-mail <span class=\"wpforms-required-label\">*<\/span><\/label><input type=\"email\" id=\"wpforms-265-field_1\" class=\"wpforms-field-large wpforms-field-required\" name=\"wpforms[fields][1]\" placeholder=\"E-mail\" required><\/div><div id=\"wpforms-265-field_2-container\" class=\"wpforms-field wpforms-field-textarea\" data-field-id=\"2\"><label class=\"wpforms-field-label wpforms-label-hide\" for=\"wpforms-265-field_2\">Comments <span class=\"wpforms-required-label\">*<\/span><\/label><textarea id=\"wpforms-265-field_2\" class=\"wpforms-field-medium wpforms-field-required\" name=\"wpforms[fields][2]\" placeholder=\"Message\" required><\/textarea><\/div><\/div><div class=\"wpforms-field wpforms-field-hp\"><label for=\"wpforms-265-field-hp\" class=\"wpforms-field-label\">E-mail<\/label><input type=\"text\" name=\"wpforms[hp]\" id=\"wpforms-265-field-hp\" class=\"wpforms-field-medium\"><\/div><div class=\"wpforms-submit-container\" ><input type=\"hidden\" name=\"wpforms[id]\" value=\"265\"><input type=\"hidden\" name=\"wpforms[author]\" value=\"1\">\t\t<div id=\"cf-turnstile-wpf-2421159353\"\r\n\t\tclass=\"cf-turnstile\" \t\tdata-sitekey=\"0x4AAAAAAACOI9gtQA4e9Ylz\"\r\n\t\tdata-theme=\"light\"\r\n\t\tdata-language=\"auto\"\r\n\t\tdata-size=\"\"\r\n\t\tdata-retry=\"auto\" data-retry-interval=\"1000\"\r\n\t\tdata-action=\"wpforms-265\"\r\n\t\t\t\tdata-appearance=\"always\"><\/div>\r\n\t\t\t<script>document.addEventListener(\"DOMContentLoaded\", function() { setTimeout(function(){ var e=document.getElementById(\"cf-turnstile-wpf-2421159353\"); e&&!e.innerHTML.trim()&&(turnstile.remove(\"#cf-turnstile-wpf-2421159353\"), turnstile.render(\"#cf-turnstile-wpf-2421159353\", {sitekey:\"0x4AAAAAAACOI9gtQA4e9Ylz\"})); }, 0); });<\/script>\r\n\t\t\t<br class=\"cf-turnstile-br cf-turnstile-br-wpf-2421159353\">\r\n\t\t\t\t<style>#cf-turnstile-wpf-2421159353 { margin-left: -15px; }<\/style>\r\n\t\t<button type=\"submit\" name=\"wpforms[submit]\" class=\"wpforms-submit\" id=\"wpforms-submit-265\" value=\"wpforms-submit\" aria-live=\"assertive\" data-alt-text=\"Sending...\" data-submit-text=\"Enviar informaci\u00f3n\">Send information<\/button><\/div><input type=\"hidden\" name=\"trp-form-language\" value=\"en\"\/><\/form><\/div>  <!-- .wpforms-container -->","protected":false},"excerpt":{"rendered":"<p>A familias Acompa\u00f1amos y conectamos con recursos, herramientas y estrategias. Programa FIA: Familias Informadas y Acompa\u00f1adas\u00a0 Como acceder al programa Derivamos a un equipo calificado en aplicaci\u00f3n de pruebas para TEA. Buenas pr\u00e1cticas en un proceso de diagn\u00f3stico &nbsp; Conectamos con familias de otras ciudades para apoyo mutuo RCEA &#8211; Red de familias Sobre la&hellip;<\/p>","protected":false},"author":1,"featured_media":208,"parent":0,"menu_order":0,"comment_status":"closed","ping_status":"closed","template":"","meta":{"_seopress_robots_primary_cat":"","_seopress_titles_title":"","_seopress_titles_desc":"","_seopress_robots_index":"","footnotes":""},"class_list":["post-734","page","type-page","status-publish","has-post-thumbnail","hentry"],"acf":[],"_links":{"self":[{"href":"https:\/\/ligautismo.org\/en\/wp-json\/wp\/v2\/pages\/734","targetHints":{"allow":["GET"]}}],"collection":[{"href":"https:\/\/ligautismo.org\/en\/wp-json\/wp\/v2\/pages"}],"about":[{"href":"https:\/\/ligautismo.org\/en\/wp-json\/wp\/v2\/types\/page"}],"author":[{"embeddable":true,"href":"https:\/\/ligautismo.org\/en\/wp-json\/wp\/v2\/users\/1"}],"replies":[{"embeddable":true,"href":"https:\/\/ligautismo.org\/en\/wp-json\/wp\/v2\/comments?post=734"}],"version-history":[{"count":0,"href":"https:\/\/ligautismo.org\/en\/wp-json\/wp\/v2\/pages\/734\/revisions"}],"wp:featuredmedia":[{"embeddable":true,"href":"https:\/\/ligautismo.org\/en\/wp-json\/wp\/v2\/media\/208"}],"wp:attachment":[{"href":"https:\/\/ligautismo.org\/en\/wp-json\/wp\/v2\/media?parent=734"}],"curies":[{"name":"wp","href":"https:\/\/api.w.org\/{rel}","templated":true}]}}