{"id":786,"date":"2021-02-17T17:10:25","date_gmt":"2021-02-17T17:10:25","guid":{"rendered":"https:\/\/lawngreen-fish-169892.hostingersite.com\/?page_id=786"},"modified":"2024-12-12T16:50:23","modified_gmt":"2024-12-12T16:50:23","slug":"unete-a-lica","status":"publish","type":"page","link":"https:\/\/ligautismo.org\/en\/unete-a-lica\/","title":{"rendered":"Join LICA"},"content":{"rendered":"<p>En LICA, realizamos un trabajo constante de incidencia pol\u00edtica y acciones que buscan el reconocimiento de las personas con autismo como sujetos de derechos a quienes se les debe garantizar una vida en la comunidad en igualdad de oportunidades, brind\u00e1ndoles los apoyos y ajustes que puedan requerir,<\/p>\n\t\t\t\t<img decoding=\"async\" src=\"https:\/\/eruditus.sfo2.digitaloceanspaces.com\/Ligautismo\/Foto-afiliacion-familias-scaled.jpg\" alt=\"Mujeres participando en una sesi\u00f3n de formaci\u00f3n grupal.\" itemprop=\"image\" height=\"1920\" width=\"2560\" title=\"Family affiliation photo\" onerror=\"this.style.display='none'\"  \/>\n\t<p><strong>\u00a1Juntos logramos m\u00e1s!\u00a0<\/strong><\/p>\n<p>\u00danete a nuestra la comunidad LICA, afili\u00e1ndote como familia y diligenciando el formulario que encuentras al final de este texto. <b>La afiliaci\u00f3n no tiene costo.<\/b><\/p>\n<p>Como afiliado:<\/p>\n<ul>\n<li>Ser\u00e1s parte de la familia\u00a0LICA.<\/li>\n<li>Acceder\u00e1s al 5% en los servicios y eventos organizados por\u00a0LICA.<\/li>\n<li>Tendr\u00e1s el 5% de descuento en el programa para familias FIA. (Linkear\u00a0 gu\u00eda familias)<\/li>\n<li>Acceso a los eventos sin costo que realice\u00a0LICA.<\/li>\n<li>Tambi\u00e9n hemos dise\u00f1ado un carnet como una herramienta para disminuir barreras en el entorno. Este carnet, adem\u00e1s de los datos personales, indica sobre alertas m\u00e9dicas cuando las haya.<\/li>\n<\/ul>\n<p>Si usted est\u00e1 interesado en adquirir el carnet, por favor comunicarse al\u00a0WhatsApp 313-4376086<\/p>\n<p><b>Para afiliarte favor diligencia el siguiente formulario:<\/b><\/p>\n\t\t\t\t<img decoding=\"async\" src=\"https:\/\/eruditus.sfo2.digitaloceanspaces.com\/Ligautismo\/Foto-voluntariado-scaled.jpg\" alt=\"Persona sonriendo con camiseta azul y gorra ajustable.\" itemprop=\"image\" height=\"1707\" width=\"2560\" title=\"Volunteer photo\" onerror=\"this.style.display='none'\"  \/>\n\t<p><strong>Be part of our volunteering.<\/strong>Learn how to join our organization.<\/p>\n<p>Volunteering is a strength of LICA that contributes to the achievement of its objectives, which are aimed at guaranteeing the full and effective participation of people with autism.<\/p>\n<p>You can join our organization and support any of our programs and actions.<\/p>\n<p>Learn about our volunteer policy.<\/p>\n<p><a href=\"https:\/\/eruditus.sfo2.digitaloceanspaces.com\/Ligautismo\/Politica-de-Volunariado.pdf\">(aqu\u00ed).<\/a><\/p>\n<p><b>Para postularte como voluntario por favor diligencia el siguiente formulario:<\/b><\/p>\n\t<h2><strong>Contact us\u00a0<\/strong><\/h2>\n\t<p>Thank you for contacting us, please note that the fields marked with ( * ) are required. Soon one of our representatives will contact you via phone or email.<\/p>\n\t<div class=\"wpforms-container wpforms-container-full\" id=\"wpforms-265\"><form id=\"wpforms-form-265\" class=\"wpforms-validate wpforms-form\" data-formid=\"265\" method=\"post\" enctype=\"multipart\/form-data\" action=\"\/en\/wp-json\/wp\/v2\/pages\/786\" data-token=\"3b793b30642ed1991cd78abddf2083f7\" data-trp-original-action=\"\/en\/wp-json\/wp\/v2\/pages\/786\"><noscript class=\"wpforms-error-noscript\">Please enable JavaScript in your browser to complete this form.<\/noscript><div class=\"wpforms-field-container\"><div id=\"wpforms-265-field_0-container\" class=\"wpforms-field wpforms-field-name\" data-field-id=\"0\"><label class=\"wpforms-field-label wpforms-label-hide\" for=\"wpforms-265-field_0\">Name and surname <span class=\"wpforms-required-label\">*<\/span><\/label><div class=\"wpforms-field-row wpforms-field-large\"><div class=\"wpforms-field-row-block wpforms-first wpforms-one-half\"><input type=\"text\" id=\"wpforms-265-field_0\" class=\"wpforms-field-name-first wpforms-field-required\" name=\"wpforms[fields][0][first]\" placeholder=\"Names\" required><label for=\"wpforms-265-field_0\" class=\"wpforms-field-sublabel after wpforms-sublabel-hide\">First<\/label><\/div><div class=\"wpforms-field-row-block wpforms-one-half\"><input type=\"text\" id=\"wpforms-265-field_0-last\" class=\"wpforms-field-name-last wpforms-field-required\" name=\"wpforms[fields][0][last]\" placeholder=\"Surnames\" required><label for=\"wpforms-265-field_0-last\" class=\"wpforms-field-sublabel after wpforms-sublabel-hide\">Last<\/label><\/div><\/div><\/div><div id=\"wpforms-265-field_1-container\" class=\"wpforms-field wpforms-field-email\" data-field-id=\"1\"><label class=\"wpforms-field-label wpforms-label-hide\" for=\"wpforms-265-field_1\">E-mail <span class=\"wpforms-required-label\">*<\/span><\/label><input type=\"email\" id=\"wpforms-265-field_1\" class=\"wpforms-field-large wpforms-field-required\" name=\"wpforms[fields][1]\" placeholder=\"E-mail\" required><\/div><div id=\"wpforms-265-field_2-container\" class=\"wpforms-field wpforms-field-textarea\" data-field-id=\"2\"><label class=\"wpforms-field-label wpforms-label-hide\" for=\"wpforms-265-field_2\">Comments <span class=\"wpforms-required-label\">*<\/span><\/label><textarea id=\"wpforms-265-field_2\" class=\"wpforms-field-medium wpforms-field-required\" name=\"wpforms[fields][2]\" placeholder=\"Message\" required><\/textarea><\/div><\/div><div class=\"wpforms-field wpforms-field-hp\"><label for=\"wpforms-265-field-hp\" class=\"wpforms-field-label\">phone<\/label><input type=\"text\" name=\"wpforms[hp]\" id=\"wpforms-265-field-hp\" class=\"wpforms-field-medium\"><\/div><div class=\"wpforms-submit-container\" ><input type=\"hidden\" name=\"wpforms[id]\" value=\"265\"><input type=\"hidden\" name=\"wpforms[author]\" value=\"1\">\t\t<div id=\"cf-turnstile-wpf-4106238279\"\r\n\t\tclass=\"cf-turnstile\" \t\tdata-sitekey=\"0x4AAAAAAACOI9gtQA4e9Ylz\"\r\n\t\tdata-theme=\"light\"\r\n\t\tdata-language=\"auto\"\r\n\t\tdata-size=\"\"\r\n\t\tdata-retry=\"auto\" data-retry-interval=\"1000\"\r\n\t\tdata-action=\"wpforms-265\"\r\n\t\t\t\tdata-appearance=\"always\"><\/div>\r\n\t\t\t<script>document.addEventListener(\"DOMContentLoaded\", function() { setTimeout(function(){ var e=document.getElementById(\"cf-turnstile-wpf-4106238279\"); e&&!e.innerHTML.trim()&&(turnstile.remove(\"#cf-turnstile-wpf-4106238279\"), turnstile.render(\"#cf-turnstile-wpf-4106238279\", {sitekey:\"0x4AAAAAAACOI9gtQA4e9Ylz\"})); }, 0); });<\/script>\r\n\t\t\t<br class=\"cf-turnstile-br cf-turnstile-br-wpf-4106238279\">\r\n\t\t\t\t<style>#cf-turnstile-wpf-4106238279 { margin-left: -15px; }<\/style>\r\n\t\t<button type=\"submit\" name=\"wpforms[submit]\" class=\"wpforms-submit\" id=\"wpforms-submit-265\" value=\"wpforms-submit\" aria-live=\"assertive\" data-alt-text=\"Sending...\" data-submit-text=\"Enviar informaci\u00f3n\">Send information<\/button><\/div><input type=\"hidden\" name=\"trp-form-language\" value=\"en\"\/><\/form><\/div>  <!-- .wpforms-container -->","protected":false},"excerpt":{"rendered":"<p>En LICA, realizamos un trabajo constante de incidencia pol\u00edtica y acciones que buscan el reconocimiento de las personas con autismo como sujetos de derechos a quienes se les debe garantizar una vida en la comunidad en igualdad de oportunidades, brind\u00e1ndoles los apoyos y ajustes que puedan requerir, \u00a1Juntos logramos m\u00e1s!\u00a0 \u00danete a nuestra la comunidad&hellip;<\/p>","protected":false},"author":1,"featured_media":234,"parent":0,"menu_order":0,"comment_status":"closed","ping_status":"closed","template":"","meta":{"_seopress_robots_primary_cat":"","_seopress_titles_title":"","_seopress_titles_desc":"","_seopress_robots_index":"","footnotes":""},"class_list":["post-786","page","type-page","status-publish","has-post-thumbnail","hentry"],"acf":[],"_links":{"self":[{"href":"https:\/\/ligautismo.org\/en\/wp-json\/wp\/v2\/pages\/786","targetHints":{"allow":["GET"]}}],"collection":[{"href":"https:\/\/ligautismo.org\/en\/wp-json\/wp\/v2\/pages"}],"about":[{"href":"https:\/\/ligautismo.org\/en\/wp-json\/wp\/v2\/types\/page"}],"author":[{"embeddable":true,"href":"https:\/\/ligautismo.org\/en\/wp-json\/wp\/v2\/users\/1"}],"replies":[{"embeddable":true,"href":"https:\/\/ligautismo.org\/en\/wp-json\/wp\/v2\/comments?post=786"}],"version-history":[{"count":0,"href":"https:\/\/ligautismo.org\/en\/wp-json\/wp\/v2\/pages\/786\/revisions"}],"wp:featuredmedia":[{"embeddable":true,"href":"https:\/\/ligautismo.org\/en\/wp-json\/wp\/v2\/media\/234"}],"wp:attachment":[{"href":"https:\/\/ligautismo.org\/en\/wp-json\/wp\/v2\/media?parent=786"}],"curies":[{"name":"wp","href":"https:\/\/api.w.org\/{rel}","templated":true}]}}